{"id":324,"date":"2025-12-10T16:43:39","date_gmt":"2025-12-10T15:43:39","guid":{"rendered":"https:\/\/actionmall.act.at\/shop\/593\/?post_type=product&#038;p=324"},"modified":"2026-01-20T15:04:31","modified_gmt":"2026-01-20T14:04:31","slug":"mybrand-schluesselband-10-stueck","status":"publish","type":"product","link":"https:\/\/actionmall.act.at\/shop\/593\/produkt\/mybrand-schluesselband-10-stueck\/","title":{"rendered":"MyBrand Schl\u00fcsselband (10 St\u00fcck)"},"content":{"rendered":"<p><strong>ADART \u2013 10\u00d7 personalisierte Schl\u00fcsselb\u00e4nder<\/strong><\/p>\n<p>Du brauchst kleine Mengen f\u00fcr dein Projekt?<\/p>\n<p>Mit unseren <strong>10 individuell bedruckten Lanyards<\/strong> bekommst du praktische &#038; stylische Werbeartikel f\u00fcrs Verteilen \u2013 ideal f\u00fcr Teams, Veranstaltungen &#038; Aktionen.<\/p>\n<p><strong>Details:<\/strong><\/p>\n<p>10\u00d7 Schl\u00fcsselb\u00e4nder mit deinem Logo \/ Design<\/p>\n<p>Robustes Material &#038; sauberer Druck<\/p>\n<p>Perfekt f\u00fcr Events, Firmen, Vereine, Schulprojekte &#038; Messen<\/p>\n<p>Praktisch, sichtbar &#038; langlebig<\/p>\n<p>Dein Logo, immer dabei \u2013 am Schl\u00fcssel, an Ausweisen oder am Rucksack.<\/p>\n<p><strong>ADART \u2013 Werbung, die bleibt.<\/strong><\/p>\n<p>&nbsp;<\/p>\n","protected":false},"excerpt":{"rendered":"<p>ADART \u2013 10\u00d7 personalisierte Schl\u00fcsselb\u00e4nder Du brauchst kleine Mengen f\u00fcr dein Projekt? Mit unseren 10 individuell bedruckten Lanyards bekommst du praktische &#038; stylische Werbeartikel f\u00fcrs Verteilen \u2013 ideal f\u00fcr Teams, Veranstaltungen &#038; Aktionen. Details: 10\u00d7 Schl\u00fcsselb\u00e4nder mit deinem Logo \/ Design Robustes Material &#038; sauberer Druck Perfekt f\u00fcr Events, Firmen, Vereine, Schulprojekte &#038; Messen Praktisch, [&hellip;]<\/p>\n","protected":false},"featured_media":337,"template":"","meta":[],"product_cat":[],"product_tag":[],"class_list":{"0":"post-324","1":"product","2":"type-product","3":"status-publish","4":"has-post-thumbnail","7":"first","8":"instock","9":"taxable","10":"shipping-taxable","11":"purchasable","12":"product-type-simple"},"_links":{"self":[{"href":"https:\/\/actionmall.act.at\/shop\/593\/wp-json\/wp\/v2\/product\/324"}],"collection":[{"href":"https:\/\/actionmall.act.at\/shop\/593\/wp-json\/wp\/v2\/product"}],"about":[{"href":"https:\/\/actionmall.act.at\/shop\/593\/wp-json\/wp\/v2\/types\/product"}],"wp:featuredmedia":[{"embeddable":true,"href":"https:\/\/actionmall.act.at\/shop\/593\/wp-json\/wp\/v2\/media\/337"}],"wp:attachment":[{"href":"https:\/\/actionmall.act.at\/shop\/593\/wp-json\/wp\/v2\/media?parent=324"}],"wp:term":[{"taxonomy":"product_cat","embeddable":true,"href":"https:\/\/actionmall.act.at\/shop\/593\/wp-json\/wp\/v2\/product_cat?post=324"},{"taxonomy":"product_tag","embeddable":true,"href":"https:\/\/actionmall.act.at\/shop\/593\/wp-json\/wp\/v2\/product_tag?post=324"}],"curies":[{"name":"wp","href":"https:\/\/api.w.org\/{rel}","templated":true}]}}