{"id":325,"date":"2025-12-10T16:47:16","date_gmt":"2025-12-10T15:47:16","guid":{"rendered":"https:\/\/actionmall.act.at\/shop\/593\/?post_type=product&#038;p=325"},"modified":"2026-01-07T15:54:22","modified_gmt":"2026-01-07T14:54:22","slug":"mybrand-schluesselband","status":"publish","type":"product","link":"https:\/\/actionmall.act.at\/shop\/593\/produkt\/mybrand-schluesselband\/","title":{"rendered":"MyBrand Schl\u00fcsselband"},"content":{"rendered":"<p><strong>ADART \u2013 Muster: personalisiertes Schl\u00fcsselband<\/strong><\/p>\n<p>Du willst zuerst sehen, wie dein Logo oder Design wirkt?<\/p>\n<p>Mit diesem <strong>einzelnen Muster-Schl\u00fcsselband<\/strong> kannst du Qualit\u00e4t, Druck &#038; Farbe testen, bevor du gr\u00f6\u00dfer bestellst.<\/p>\n<p><strong>Details:<\/strong><\/p>\n<p>1\u00d7 personalisiertes Schl\u00fcsselband (Lanyard)<\/p>\n<p>Mit deinem Logo \/ Wunschmotiv<\/p>\n<p>Hochwertiger Druck &#038; stabiler Verschluss<\/p>\n<p>Ideal zum Testen &#038; Pr\u00e4sentieren<\/p>\n<p>Perfekt f\u00fcr Schule, Events, Vereine, Firmen &#038; Projekte.<\/p>\n<p><strong>ADART \u2013 Werbung, die man mitnimmt.<\/strong><\/p>\n","protected":false},"excerpt":{"rendered":"<p>ADART \u2013 Muster: personalisiertes Schl\u00fcsselband Du willst zuerst sehen, wie dein Logo oder Design wirkt? Mit diesem einzelnen Muster-Schl\u00fcsselband kannst du Qualit\u00e4t, Druck &#038; Farbe testen, bevor du gr\u00f6\u00dfer bestellst. Details: 1\u00d7 personalisiertes Schl\u00fcsselband (Lanyard) Mit deinem Logo \/ Wunschmotiv Hochwertiger Druck &#038; stabiler Verschluss Ideal zum Testen &#038; Pr\u00e4sentieren Perfekt f\u00fcr Schule, Events, Vereine, [&hellip;]<\/p>\n","protected":false},"featured_media":337,"template":"","meta":[],"product_cat":[],"product_tag":[],"class_list":{"0":"post-325","1":"product","2":"type-product","3":"status-publish","4":"has-post-thumbnail","7":"first","8":"instock","9":"taxable","10":"shipping-taxable","11":"purchasable","12":"product-type-simple"},"_links":{"self":[{"href":"https:\/\/actionmall.act.at\/shop\/593\/wp-json\/wp\/v2\/product\/325"}],"collection":[{"href":"https:\/\/actionmall.act.at\/shop\/593\/wp-json\/wp\/v2\/product"}],"about":[{"href":"https:\/\/actionmall.act.at\/shop\/593\/wp-json\/wp\/v2\/types\/product"}],"wp:featuredmedia":[{"embeddable":true,"href":"https:\/\/actionmall.act.at\/shop\/593\/wp-json\/wp\/v2\/media\/337"}],"wp:attachment":[{"href":"https:\/\/actionmall.act.at\/shop\/593\/wp-json\/wp\/v2\/media?parent=325"}],"wp:term":[{"taxonomy":"product_cat","embeddable":true,"href":"https:\/\/actionmall.act.at\/shop\/593\/wp-json\/wp\/v2\/product_cat?post=325"},{"taxonomy":"product_tag","embeddable":true,"href":"https:\/\/actionmall.act.at\/shop\/593\/wp-json\/wp\/v2\/product_tag?post=325"}],"curies":[{"name":"wp","href":"https:\/\/api.w.org\/{rel}","templated":true}]}}