{"id":326,"date":"2025-12-10T16:49:52","date_gmt":"2025-12-10T15:49:52","guid":{"rendered":"https:\/\/actionmall.act.at\/shop\/593\/?post_type=product&#038;p=326"},"modified":"2026-01-20T15:04:05","modified_gmt":"2026-01-20T14:04:05","slug":"mybrand-regenponcho-10-stueck","status":"publish","type":"product","link":"https:\/\/actionmall.act.at\/shop\/593\/produkt\/mybrand-regenponcho-10-stueck\/","title":{"rendered":"MyBrand Regenponcho (10 St\u00fcck)"},"content":{"rendered":"<p>Unser Regenponcho bietet zuverl\u00e4ssigen Schutz bei jedem Wetter. Er ist leicht, wasserabweisend und l\u00e4sst sich einfach zusammenfalten. Das Logo kann individuell gestaltet werden \u2013 perfekt f\u00fcr Firmen, Veranstaltungen oder den t\u00e4glichen Gebrauch.<\/p>\n","protected":false},"excerpt":{"rendered":"<p>Unser Regenponcho bietet zuverl\u00e4ssigen Schutz bei jedem Wetter. Er ist leicht, wasserabweisend und l\u00e4sst sich einfach zusammenfalten. Das Logo kann individuell gestaltet werden \u2013 perfekt f\u00fcr Firmen, Veranstaltungen oder den t\u00e4glichen Gebrauch.<\/p>\n","protected":false},"featured_media":336,"template":"","meta":[],"product_cat":[],"product_tag":[],"class_list":{"0":"post-326","1":"product","2":"type-product","3":"status-publish","4":"has-post-thumbnail","7":"first","8":"instock","9":"taxable","10":"shipping-taxable","11":"purchasable","12":"product-type-simple"},"_links":{"self":[{"href":"https:\/\/actionmall.act.at\/shop\/593\/wp-json\/wp\/v2\/product\/326"}],"collection":[{"href":"https:\/\/actionmall.act.at\/shop\/593\/wp-json\/wp\/v2\/product"}],"about":[{"href":"https:\/\/actionmall.act.at\/shop\/593\/wp-json\/wp\/v2\/types\/product"}],"wp:featuredmedia":[{"embeddable":true,"href":"https:\/\/actionmall.act.at\/shop\/593\/wp-json\/wp\/v2\/media\/336"}],"wp:attachment":[{"href":"https:\/\/actionmall.act.at\/shop\/593\/wp-json\/wp\/v2\/media?parent=326"}],"wp:term":[{"taxonomy":"product_cat","embeddable":true,"href":"https:\/\/actionmall.act.at\/shop\/593\/wp-json\/wp\/v2\/product_cat?post=326"},{"taxonomy":"product_tag","embeddable":true,"href":"https:\/\/actionmall.act.at\/shop\/593\/wp-json\/wp\/v2\/product_tag?post=326"}],"curies":[{"name":"wp","href":"https:\/\/api.w.org\/{rel}","templated":true}]}}