{"id":328,"date":"2025-12-10T16:56:47","date_gmt":"2025-12-10T15:56:47","guid":{"rendered":"https:\/\/actionmall.act.at\/shop\/593\/?post_type=product&#038;p=328"},"modified":"2026-01-20T15:03:32","modified_gmt":"2026-01-20T14:03:32","slug":"mybrand-pullover-10-stueck","status":"publish","type":"product","link":"https:\/\/actionmall.act.at\/shop\/593\/produkt\/mybrand-pullover-10-stueck\/","title":{"rendered":"MyBrand Pullover (10 St\u00fcck)"},"content":{"rendered":"<p><strong>ADART \u2013 10\u00d7 personalisierte Pullover<\/strong><\/p>\n<p>F\u00fcr Teams, Events, Firmen oder Merch:<\/p>\n<p>Du erh\u00e4ltst <strong>10 individuell gestaltete Pullover<\/strong>, hochwertig, bequem und auff\u00e4llig \u2013 ideal f\u00fcr Promotion, Vereinsaktionen oder Merchandise.<\/p>\n<p><strong>Details:<\/strong><\/p>\n<p>10\u00d7 Pullover mit deinem Logo \/ Wunschmotiv<\/p>\n<p>Hochwertiges Material &#038; langlebiger Druck\/Stick<\/p>\n<p>Perfekt f\u00fcr Firmen, Schule, Vereine, Teams &#038; Merch<\/p>\n<p>Praktisch, stylisch &#038; aufmerksamkeitsstark<\/p>\n<p><strong>ADART \u2013 deine Marke, sichtbar &#038; tragbar.<\/strong><\/p>\n","protected":false},"excerpt":{"rendered":"<p>ADART \u2013 10\u00d7 personalisierte Pullover F\u00fcr Teams, Events, Firmen oder Merch: Du erh\u00e4ltst 10 individuell gestaltete Pullover, hochwertig, bequem und auff\u00e4llig \u2013 ideal f\u00fcr Promotion, Vereinsaktionen oder Merchandise. Details: 10\u00d7 Pullover mit deinem Logo \/ Wunschmotiv Hochwertiges Material &#038; langlebiger Druck\/Stick Perfekt f\u00fcr Firmen, Schule, Vereine, Teams &#038; Merch Praktisch, stylisch &#038; aufmerksamkeitsstark ADART \u2013 [&hellip;]<\/p>\n","protected":false},"featured_media":335,"template":"","meta":[],"product_cat":[],"product_tag":[],"class_list":{"0":"post-328","1":"product","2":"type-product","3":"status-publish","4":"has-post-thumbnail","7":"first","8":"instock","9":"taxable","10":"shipping-taxable","11":"purchasable","12":"product-type-simple"},"_links":{"self":[{"href":"https:\/\/actionmall.act.at\/shop\/593\/wp-json\/wp\/v2\/product\/328"}],"collection":[{"href":"https:\/\/actionmall.act.at\/shop\/593\/wp-json\/wp\/v2\/product"}],"about":[{"href":"https:\/\/actionmall.act.at\/shop\/593\/wp-json\/wp\/v2\/types\/product"}],"wp:featuredmedia":[{"embeddable":true,"href":"https:\/\/actionmall.act.at\/shop\/593\/wp-json\/wp\/v2\/media\/335"}],"wp:attachment":[{"href":"https:\/\/actionmall.act.at\/shop\/593\/wp-json\/wp\/v2\/media?parent=328"}],"wp:term":[{"taxonomy":"product_cat","embeddable":true,"href":"https:\/\/actionmall.act.at\/shop\/593\/wp-json\/wp\/v2\/product_cat?post=328"},{"taxonomy":"product_tag","embeddable":true,"href":"https:\/\/actionmall.act.at\/shop\/593\/wp-json\/wp\/v2\/product_tag?post=328"}],"curies":[{"name":"wp","href":"https:\/\/api.w.org\/{rel}","templated":true}]}}