{"id":258,"date":"2026-03-02T08:33:26","date_gmt":"2026-03-02T07:33:26","guid":{"rendered":"https:\/\/actionmall.act.at\/shop\/644\/?post_type=product&#038;p=258"},"modified":"2026-03-23T10:13:26","modified_gmt":"2026-03-23T09:13:26","slug":"aktenschrank-noah","status":"publish","type":"product","link":"https:\/\/actionmall.act.at\/shop\/644\/en\/produkt\/aktenschrank-noah\/","title":{"rendered":"Aktenschrank NOAH"},"content":{"rendered":"<p>Eleganter Aktenschrank mit durchgehender Holzfurnier-Oberfl\u00e4che in Beige. Vertikales Dunkelbraun-Akzentelement, 240 \u00d7 45 \u00d7 70 cm, stilvoller Stauraum f\u00fcr Ihr B\u00fcro.<\/p>\n","protected":false},"excerpt":{"rendered":"<p>Holzfurnier-Aktenschrank 240\u00d745\u00d770\u202fcm, Beige\/Dunkelbraun.<\/p>\n","protected":false},"featured_media":260,"template":"","meta":[],"product_cat":[47],"product_tag":[],"class_list":{"0":"post-258","1":"product","2":"type-product","3":"status-publish","4":"has-post-thumbnail","6":"product_cat-buero-und-bueroeinrichtung","8":"first","9":"instock","10":"taxable","11":"shipping-taxable","12":"purchasable","13":"product-type-simple"},"_links":{"self":[{"href":"https:\/\/actionmall.act.at\/shop\/644\/en\/wp-json\/wp\/v2\/product\/258"}],"collection":[{"href":"https:\/\/actionmall.act.at\/shop\/644\/en\/wp-json\/wp\/v2\/product"}],"about":[{"href":"https:\/\/actionmall.act.at\/shop\/644\/en\/wp-json\/wp\/v2\/types\/product"}],"wp:featuredmedia":[{"embeddable":true,"href":"https:\/\/actionmall.act.at\/shop\/644\/en\/wp-json\/wp\/v2\/media\/260"}],"wp:attachment":[{"href":"https:\/\/actionmall.act.at\/shop\/644\/en\/wp-json\/wp\/v2\/media?parent=258"}],"wp:term":[{"taxonomy":"product_cat","embeddable":true,"href":"https:\/\/actionmall.act.at\/shop\/644\/en\/wp-json\/wp\/v2\/product_cat?post=258"},{"taxonomy":"product_tag","embeddable":true,"href":"https:\/\/actionmall.act.at\/shop\/644\/en\/wp-json\/wp\/v2\/product_tag?post=258"}],"curies":[{"name":"wp","href":"https:\/\/api.w.org\/{rel}","templated":true}]}}