{"id":263,"date":"2026-03-02T08:38:31","date_gmt":"2026-03-02T07:38:31","guid":{"rendered":"https:\/\/actionmall.act.at\/shop\/644\/?post_type=product&#038;p=263"},"modified":"2026-03-23T10:14:02","modified_gmt":"2026-03-23T09:14:02","slug":"buerostuhl-bernd","status":"publish","type":"product","link":"https:\/\/actionmall.act.at\/shop\/644\/en\/produkt\/buerostuhl-bernd\/","title":{"rendered":"B\u00fcrostuhl BERND"},"content":{"rendered":"<p>Ergonomisch geformt mit hellgrauem Stoffbezug und wei\u00dfem Gestell, bietet dieser Stuhl bequemen Sitzkomfort f\u00fcr lange Arbeitsstunden. Minimalistisches, zeitloses Design passt perfekt ins B\u00fcro oder Homeoffice.<\/p>\n<p>Ma\u00dfe: H\u00f6he 100cm, Breite 60cm,\u202fTiefe\u202f60\u202fcm, Sitzh\u00f6he ca. 48\u202fcm.<\/p>\n","protected":false},"excerpt":{"rendered":"<p>Ergonomischer Stuhl, hellgrau\/wei\u00df, 100\u202f\u00d7\u202f60\u202f\u00d7\u202f60\u202fcm, Sitzh\u00f6he 48\u202fcm<\/p>\n","protected":false},"featured_media":264,"template":"","meta":[],"product_cat":[47],"product_tag":[],"class_list":{"0":"post-263","1":"product","2":"type-product","3":"status-publish","4":"has-post-thumbnail","6":"product_cat-buero-und-bueroeinrichtung","8":"first","9":"instock","10":"taxable","11":"shipping-taxable","12":"purchasable","13":"product-type-simple"},"_links":{"self":[{"href":"https:\/\/actionmall.act.at\/shop\/644\/en\/wp-json\/wp\/v2\/product\/263"}],"collection":[{"href":"https:\/\/actionmall.act.at\/shop\/644\/en\/wp-json\/wp\/v2\/product"}],"about":[{"href":"https:\/\/actionmall.act.at\/shop\/644\/en\/wp-json\/wp\/v2\/types\/product"}],"wp:featuredmedia":[{"embeddable":true,"href":"https:\/\/actionmall.act.at\/shop\/644\/en\/wp-json\/wp\/v2\/media\/264"}],"wp:attachment":[{"href":"https:\/\/actionmall.act.at\/shop\/644\/en\/wp-json\/wp\/v2\/media?parent=263"}],"wp:term":[{"taxonomy":"product_cat","embeddable":true,"href":"https:\/\/actionmall.act.at\/shop\/644\/en\/wp-json\/wp\/v2\/product_cat?post=263"},{"taxonomy":"product_tag","embeddable":true,"href":"https:\/\/actionmall.act.at\/shop\/644\/en\/wp-json\/wp\/v2\/product_tag?post=263"}],"curies":[{"name":"wp","href":"https:\/\/api.w.org\/{rel}","templated":true}]}}