{"id":265,"date":"2026-03-02T08:46:50","date_gmt":"2026-03-02T07:46:50","guid":{"rendered":"https:\/\/actionmall.act.at\/shop\/644\/?post_type=product&#038;p=265"},"modified":"2026-03-23T10:14:44","modified_gmt":"2026-03-23T09:14:44","slug":"schreibtisch-sandro","status":"publish","type":"product","link":"https:\/\/actionmall.act.at\/shop\/644\/en\/produkt\/schreibtisch-sandro\/","title":{"rendered":"Schreibtisch SANDRO"},"content":{"rendered":"<table style=\"border-collapse: collapse;width: 33px;height: 41px\" width=\"157\">\n<tbody>\n<tr style=\"height: 16.5pt\">\n<td class=\"xl86\" style=\"width: 118pt;height: 16.5pt\" width=\"157\" height=\"22\"><\/td>\n<\/tr>\n<\/tbody>\n<\/table>\n<article class=\"text-token-text-primary w-full focus:outline-none [--shadow-height:45px] has-data-writing-block:pointer-events-none has-data-writing-block:-mt-(--shadow-height) has-data-writing-block:pt-(--shadow-height) [&#038;:has([data-writing-block])>*]:pointer-events-auto scroll-mt-(&#8211;header-height)&#8221; dir=&#8221;auto&#8221; data-turn-id=&#8221;1520975c-4a2f-46e2-a89d-64866071f0d9&#8243; data-testid=&#8221;conversation-turn-1&#8243; data-scroll-anchor=&#8221;false&#8221; data-turn=&#8221;user&#8221;><\/article>\n<article class=\"text-token-text-primary w-full focus:outline-none [--shadow-height:45px] has-data-writing-block:pointer-events-none has-data-writing-block:-mt-(--shadow-height) has-data-writing-block:pt-(--shadow-height) [&#038;:has([data-writing-block])>*]:pointer-events-auto scroll-mt-[calc(var(&#8211;header-height)+min(200px,max(70px,20svh)))]&#8221; dir=&#8221;auto&#8221; data-turn-id=&#8221;request-WEB:3b968740-cea9-4042-829c-281518175d7d-0&#8243; data-testid=&#8221;conversation-turn-2&#8243; data-scroll-anchor=&#8221;true&#8221; data-turn=&#8221;assistant&#8221;><\/p>\n<div class=\"text-base my-auto mx-auto pb-10 [--thread-content-margin:--spacing(4)] @w-sm\/main:[--thread-content-margin:--spacing(6)] @w-lg\/main:[--thread-content-margin:--spacing(16)] px-(--thread-content-margin)\">\n<div class=\"[--thread-content-max-width:40rem] @w-lg\/main:[--thread-content-max-width:48rem] mx-auto max-w-(--thread-content-max-width) flex-1 group\/turn-messages focus-visible:outline-hidden relative flex w-full min-w-0 flex-col agent-turn\">\n<div class=\"flex max-w-full flex-col grow\">\n<div class=\"min-h-8 text-message relative flex w-full flex-col items-end gap-2 text-start break-words whitespace-normal [.text-message+&#038;]:mt-1\" dir=\"auto\" data-message-author-role=\"assistant\" data-message-id=\"15850ab7-68ac-4aa2-8be3-8a36556d4bf6\" data-message-model-slug=\"gpt-5-2\">\n<div class=\"flex w-full flex-col gap-1 empty:hidden first:pt-[1px]\">\n<div class=\"markdown prose dark:prose-invert w-full wrap-break-word light markdown-new-styling\">\n<p data-start=\"0\" data-end=\"213\">Moderner L-f\u00f6rmiger Schreibtisch aus hellem, naturbelassenem Holz mit glatter Oberfl\u00e4che und klaren Linien. Gro\u00dfe Arbeitsfl\u00e4che mit drei Schubladen rechts und offenem Fach links \u2013 ideal f\u00fcr Homeoffice oder B\u00fcro.<\/p>\n<p data-start=\"215\" data-end=\"357\" data-is-last-node=\"\" data-is-only-node=\"\">Ma\u00dfe: 160 x 140 cm, Tiefe 70 cm, H\u00f6he 75 cm<br data-start=\"262\" data-end=\"265\" data-is-only-node=\"\" \/>Schubladen: 40 x 45 x 15 cm<br data-start=\"296\" data-end=\"299\" \/>Offenes Fach: 45 x 60 x 60 cm<\/p>\n<\/div>\n<\/div>\n<\/div>\n<\/div>\n<\/div>\n<\/div>\n<\/article>\n<p>&nbsp;<\/p>\n<p>&nbsp;<\/p>\n<p>&nbsp;<\/p>\n","protected":false},"excerpt":{"rendered":"<p>L-f\u00f6rmiger Schreibtisch, helles Holz, 3 Schubladen rechts, offenes Fach<br \/>\nlinks, gro\u00dfe Arbeitsfl\u00e4che.<\/p>\n","protected":false},"featured_media":266,"template":"","meta":[],"product_cat":[47],"product_tag":[],"class_list":{"0":"post-265","1":"product","2":"type-product","3":"status-publish","4":"has-post-thumbnail","6":"product_cat-buero-und-bueroeinrichtung","8":"first","9":"instock","10":"taxable","11":"shipping-taxable","12":"purchasable","13":"product-type-simple"},"_links":{"self":[{"href":"https:\/\/actionmall.act.at\/shop\/644\/en\/wp-json\/wp\/v2\/product\/265"}],"collection":[{"href":"https:\/\/actionmall.act.at\/shop\/644\/en\/wp-json\/wp\/v2\/product"}],"about":[{"href":"https:\/\/actionmall.act.at\/shop\/644\/en\/wp-json\/wp\/v2\/types\/product"}],"wp:featuredmedia":[{"embeddable":true,"href":"https:\/\/actionmall.act.at\/shop\/644\/en\/wp-json\/wp\/v2\/media\/266"}],"wp:attachment":[{"href":"https:\/\/actionmall.act.at\/shop\/644\/en\/wp-json\/wp\/v2\/media?parent=265"}],"wp:term":[{"taxonomy":"product_cat","embeddable":true,"href":"https:\/\/actionmall.act.at\/shop\/644\/en\/wp-json\/wp\/v2\/product_cat?post=265"},{"taxonomy":"product_tag","embeddable":true,"href":"https:\/\/actionmall.act.at\/shop\/644\/en\/wp-json\/wp\/v2\/product_tag?post=265"}],"curies":[{"name":"wp","href":"https:\/\/api.w.org\/{rel}","templated":true}]}}