{"id":280,"date":"2026-03-16T08:04:34","date_gmt":"2026-03-16T07:04:34","guid":{"rendered":"https:\/\/actionmall.act.at\/shop\/644\/?post_type=product&#038;p=280"},"modified":"2026-03-23T10:11:14","modified_gmt":"2026-03-23T09:11:14","slug":"regal-scope","status":"publish","type":"product","link":"https:\/\/actionmall.act.at\/shop\/644\/en\/produkt\/regal-scope\/","title":{"rendered":"Regal SCOPE"},"content":{"rendered":"<p>Stilvolles Regal in heller Eiche f\u00fcr B\u00fcro oder Homeoffice. Schlichtes, zeitloses Design; perfekt f\u00fcr Akten oder B\u00fccher; bietet eine hohe Stabilit\u00e4t und offene F\u00e4cher<\/p>\n<p><strong>Ma\u00dfe:<\/strong> H\u00f6he 180cm,\u202fBreite\u202f80cm,\u202fTiefe\u202f35\u202fcm<\/p>\n","protected":false},"excerpt":{"rendered":"<p>Stilvolles Regal in heller Eiche f\u00fcr B\u00fcro<\/p>\n","protected":false},"featured_media":281,"template":"","meta":[],"product_cat":[47],"product_tag":[],"class_list":{"0":"post-280","1":"product","2":"type-product","3":"status-publish","4":"has-post-thumbnail","6":"product_cat-buero-und-bueroeinrichtung","8":"first","9":"instock","10":"taxable","11":"shipping-taxable","12":"purchasable","13":"product-type-simple"},"_links":{"self":[{"href":"https:\/\/actionmall.act.at\/shop\/644\/en\/wp-json\/wp\/v2\/product\/280"}],"collection":[{"href":"https:\/\/actionmall.act.at\/shop\/644\/en\/wp-json\/wp\/v2\/product"}],"about":[{"href":"https:\/\/actionmall.act.at\/shop\/644\/en\/wp-json\/wp\/v2\/types\/product"}],"wp:featuredmedia":[{"embeddable":true,"href":"https:\/\/actionmall.act.at\/shop\/644\/en\/wp-json\/wp\/v2\/media\/281"}],"wp:attachment":[{"href":"https:\/\/actionmall.act.at\/shop\/644\/en\/wp-json\/wp\/v2\/media?parent=280"}],"wp:term":[{"taxonomy":"product_cat","embeddable":true,"href":"https:\/\/actionmall.act.at\/shop\/644\/en\/wp-json\/wp\/v2\/product_cat?post=280"},{"taxonomy":"product_tag","embeddable":true,"href":"https:\/\/actionmall.act.at\/shop\/644\/en\/wp-json\/wp\/v2\/product_tag?post=280"}],"curies":[{"name":"wp","href":"https:\/\/api.w.org\/{rel}","templated":true}]}}