{"id":300,"date":"2026-05-04T08:07:01","date_gmt":"2026-05-04T06:07:01","guid":{"rendered":"https:\/\/actionmall.act.at\/shop\/644\/?post_type=product&#038;p=300"},"modified":"2026-05-04T08:07:01","modified_gmt":"2026-05-04T06:07:01","slug":"schreibtischstuhl-edi","status":"publish","type":"product","link":"https:\/\/actionmall.act.at\/shop\/644\/en\/produkt\/schreibtischstuhl-edi\/","title":{"rendered":"Schreibtischstuhl EDI"},"content":{"rendered":"<p>Komfortabler Arbeitsstuhl f\u00fcr B\u00fcro und Homeoffice mit h\u00f6henverstellbarer Sitzfl\u00e4che (ca. 44\u201356 cm), ergonomische R\u00fcckenlehne<\/p>\n","protected":false},"excerpt":{"rendered":"<p>Komfortabler Arbeitsstuhl f\u00fcr B\u00fcro und Homeoffice<\/p>\n","protected":false},"featured_media":301,"template":"","meta":[],"product_cat":[47],"product_tag":[],"class_list":{"0":"post-300","1":"product","2":"type-product","3":"status-publish","4":"has-post-thumbnail","6":"product_cat-buero-und-bueroeinrichtung","8":"first","9":"instock","10":"taxable","11":"shipping-taxable","12":"purchasable","13":"product-type-simple"},"_links":{"self":[{"href":"https:\/\/actionmall.act.at\/shop\/644\/en\/wp-json\/wp\/v2\/product\/300"}],"collection":[{"href":"https:\/\/actionmall.act.at\/shop\/644\/en\/wp-json\/wp\/v2\/product"}],"about":[{"href":"https:\/\/actionmall.act.at\/shop\/644\/en\/wp-json\/wp\/v2\/types\/product"}],"wp:featuredmedia":[{"embeddable":true,"href":"https:\/\/actionmall.act.at\/shop\/644\/en\/wp-json\/wp\/v2\/media\/301"}],"wp:attachment":[{"href":"https:\/\/actionmall.act.at\/shop\/644\/en\/wp-json\/wp\/v2\/media?parent=300"}],"wp:term":[{"taxonomy":"product_cat","embeddable":true,"href":"https:\/\/actionmall.act.at\/shop\/644\/en\/wp-json\/wp\/v2\/product_cat?post=300"},{"taxonomy":"product_tag","embeddable":true,"href":"https:\/\/actionmall.act.at\/shop\/644\/en\/wp-json\/wp\/v2\/product_tag?post=300"}],"curies":[{"name":"wp","href":"https:\/\/api.w.org\/{rel}","templated":true}]}}