{"id":266,"date":"2024-11-14T15:08:58","date_gmt":"2024-11-14T14:08:58","guid":{"rendered":"https:\/\/actionmall.act.at\/shop\/657\/?post_type=product&#038;p=266"},"modified":"2026-03-16T15:20:45","modified_gmt":"2026-03-16T14:20:45","slug":"anker-vertikale-maus","status":"publish","type":"product","link":"https:\/\/actionmall.act.at\/shop\/657\/en\/produkt\/anker-vertikale-maus\/","title":{"rendered":"Logitech MX Vertical Ergonomische Maus"},"content":{"rendered":"<p class=\"ProfiSet\">f\u00f6rdert eine nat\u00fcrliche Handhaltung und reduziert die Belastung von Handgelenk und Arm.<br \/>\nIdeal f\u00fcr ergonomisches, pr\u00e4zises Arbeiten \u00fcber lange Zeit.<\/p>\n","protected":false},"excerpt":{"rendered":"<p>\u2022 Die Aufl\u00f6sung von 1000\/DPI bietet mehr Empfindlichkeit als<br \/>\nherk\u00f6mmliche optische M\u00e4use, f\u00fcr reibungslose und pr\u00e4zise<br \/>\nMaussteuerung auf einer Vielzahl von Oberfl\u00e4chen.<br \/>\n\u2022 Die Kn\u00f6pfe, n\u00e4chstes \/ vorheriges, bieten Komfort beim Surfen auf<br \/>\nWebseite. Die bessere Wahl f\u00fcr Internet Surfer, Gamer und Leute, die<br \/>\nam Computer arbeiten.<br \/>\n\u2022 USB-Kabel-L\u00e4nge: 146 cm. Produkt-Ma\u00dfe: 101 x 82 x 80 mm.<br \/>\n\u2022 Lieferumfang: 1 x Maus von Anker (mit 146 cm langem Kabel), 1 x<br \/>\nBedienungsanleitung.<\/p>\n","protected":false},"featured_media":295,"template":"","meta":[],"product_cat":[47],"product_tag":[],"class_list":{"0":"post-266","1":"product","2":"type-product","3":"status-publish","4":"has-post-thumbnail","6":"product_cat-buero-und-bueroeinrichtung","8":"first","9":"instock","10":"taxable","11":"shipping-taxable","12":"purchasable","13":"product-type-simple"},"_links":{"self":[{"href":"https:\/\/actionmall.act.at\/shop\/657\/en\/wp-json\/wp\/v2\/product\/266"}],"collection":[{"href":"https:\/\/actionmall.act.at\/shop\/657\/en\/wp-json\/wp\/v2\/product"}],"about":[{"href":"https:\/\/actionmall.act.at\/shop\/657\/en\/wp-json\/wp\/v2\/types\/product"}],"wp:featuredmedia":[{"embeddable":true,"href":"https:\/\/actionmall.act.at\/shop\/657\/en\/wp-json\/wp\/v2\/media\/295"}],"wp:attachment":[{"href":"https:\/\/actionmall.act.at\/shop\/657\/en\/wp-json\/wp\/v2\/media?parent=266"}],"wp:term":[{"taxonomy":"product_cat","embeddable":true,"href":"https:\/\/actionmall.act.at\/shop\/657\/en\/wp-json\/wp\/v2\/product_cat?post=266"},{"taxonomy":"product_tag","embeddable":true,"href":"https:\/\/actionmall.act.at\/shop\/657\/en\/wp-json\/wp\/v2\/product_tag?post=266"}],"curies":[{"name":"wp","href":"https:\/\/api.w.org\/{rel}","templated":true}]}}