{"id":306,"date":"2026-03-16T15:12:41","date_gmt":"2026-03-16T14:12:41","guid":{"rendered":"https:\/\/actionmall.act.at\/shop\/657\/?post_type=product&#038;p=306"},"modified":"2026-03-16T15:12:42","modified_gmt":"2026-03-16T14:12:42","slug":"komerci-ergo-silenceair","status":"publish","type":"product","link":"https:\/\/actionmall.act.at\/shop\/657\/en\/produkt\/komerci-ergo-silenceair\/","title":{"rendered":"Komerci Ergo Silenceair"},"content":{"rendered":"<table>\n<tbody>\n<tr>\n<td>Dieser fernbedienbare, leise Luftreiniger, mit geringem Energieverbrauch verbessert die Luft mit insgesamt 7 Systemen, wobei HEPA- und Aktivkohlefilter immer aktiv sind, w\u00e4hrend Ionengenerator, Ozon, Fotokatalysator und UV-Licht zu- und abgeschaltet werden k\u00f6nnen. Der Luftreinhalter hat 3 Gebl\u00e4sestufen und reicht f\u00fcr ca. 25 m\u00b2.<\/td>\n<\/tr>\n<\/tbody>\n<\/table>\n","protected":false},"excerpt":{"rendered":"<p>Dieser fernbedienbare, leise Luftreiniger, mit geringem Energieverbrauch verbessert die Luft mit insgesamt 7 Systemen, wobei HEPA- und Aktivkohlefilter immer aktiv sind, w\u00e4hrend Ionengenerator, Ozon, Fotokatalysator und UV-Licht zu- und abgeschaltet werden k\u00f6nnen. Der Luftreinhalter hat 3 Gebl\u00e4sestufen und reicht f\u00fcr ca. 25 m\u00b2.<\/p>\n","protected":false},"featured_media":308,"template":"","meta":[],"product_cat":[47],"product_tag":[],"class_list":{"0":"post-306","1":"product","2":"type-product","3":"status-publish","4":"has-post-thumbnail","6":"product_cat-buero-und-bueroeinrichtung","8":"first","9":"instock","10":"taxable","11":"shipping-taxable","12":"purchasable","13":"product-type-simple"},"_links":{"self":[{"href":"https:\/\/actionmall.act.at\/shop\/657\/en\/wp-json\/wp\/v2\/product\/306"}],"collection":[{"href":"https:\/\/actionmall.act.at\/shop\/657\/en\/wp-json\/wp\/v2\/product"}],"about":[{"href":"https:\/\/actionmall.act.at\/shop\/657\/en\/wp-json\/wp\/v2\/types\/product"}],"wp:featuredmedia":[{"embeddable":true,"href":"https:\/\/actionmall.act.at\/shop\/657\/en\/wp-json\/wp\/v2\/media\/308"}],"wp:attachment":[{"href":"https:\/\/actionmall.act.at\/shop\/657\/en\/wp-json\/wp\/v2\/media?parent=306"}],"wp:term":[{"taxonomy":"product_cat","embeddable":true,"href":"https:\/\/actionmall.act.at\/shop\/657\/en\/wp-json\/wp\/v2\/product_cat?post=306"},{"taxonomy":"product_tag","embeddable":true,"href":"https:\/\/actionmall.act.at\/shop\/657\/en\/wp-json\/wp\/v2\/product_tag?post=306"}],"curies":[{"name":"wp","href":"https:\/\/api.w.org\/{rel}","templated":true}]}}