{"id":322,"date":"2026-03-16T15:23:49","date_gmt":"2026-03-16T14:23:49","guid":{"rendered":"https:\/\/actionmall.act.at\/shop\/657\/?post_type=product&#038;p=322"},"modified":"2026-03-16T15:23:49","modified_gmt":"2026-03-16T14:23:49","slug":"ergo-laptoptasche","status":"publish","type":"product","link":"https:\/\/actionmall.act.at\/shop\/657\/en\/produkt\/ergo-laptoptasche\/","title":{"rendered":"Ergo Laptoptasche"},"content":{"rendered":"<p>ergonomisch gestaltet und bieten ausreichend Platz f\u00fcr Ihre Ger\u00e4te und Zubeh\u00f6r.<\/p>\n","protected":false},"excerpt":{"rendered":"<p>ergonomisch gestaltet und bieten ausreichend Platz f\u00fcr Ihre Ger\u00e4te und Zubeh\u00f6r.<\/p>\n","protected":false},"featured_media":323,"template":"","meta":[],"product_cat":[47],"product_tag":[],"class_list":{"0":"post-322","1":"product","2":"type-product","3":"status-publish","4":"has-post-thumbnail","6":"product_cat-buero-und-bueroeinrichtung","8":"first","9":"instock","10":"taxable","11":"shipping-taxable","12":"purchasable","13":"product-type-simple"},"_links":{"self":[{"href":"https:\/\/actionmall.act.at\/shop\/657\/en\/wp-json\/wp\/v2\/product\/322"}],"collection":[{"href":"https:\/\/actionmall.act.at\/shop\/657\/en\/wp-json\/wp\/v2\/product"}],"about":[{"href":"https:\/\/actionmall.act.at\/shop\/657\/en\/wp-json\/wp\/v2\/types\/product"}],"wp:featuredmedia":[{"embeddable":true,"href":"https:\/\/actionmall.act.at\/shop\/657\/en\/wp-json\/wp\/v2\/media\/323"}],"wp:attachment":[{"href":"https:\/\/actionmall.act.at\/shop\/657\/en\/wp-json\/wp\/v2\/media?parent=322"}],"wp:term":[{"taxonomy":"product_cat","embeddable":true,"href":"https:\/\/actionmall.act.at\/shop\/657\/en\/wp-json\/wp\/v2\/product_cat?post=322"},{"taxonomy":"product_tag","embeddable":true,"href":"https:\/\/actionmall.act.at\/shop\/657\/en\/wp-json\/wp\/v2\/product_tag?post=322"}],"curies":[{"name":"wp","href":"https:\/\/api.w.org\/{rel}","templated":true}]}}