{"id":331,"date":"2026-03-16T15:29:42","date_gmt":"2026-03-16T14:29:42","guid":{"rendered":"https:\/\/actionmall.act.at\/shop\/657\/?post_type=product&#038;p=331"},"modified":"2026-03-16T15:29:42","modified_gmt":"2026-03-16T14:29:42","slug":"loeffler-cymo","status":"publish","type":"product","link":"https:\/\/actionmall.act.at\/shop\/657\/en\/produkt\/loeffler-cymo\/","title":{"rendered":"L\u00f6ffler Cymo"},"content":{"rendered":"<p>\u00fcberzeugt mit modernem Design und hohem Sitzkomfort f\u00fcr den Arbeitsalltag. Atmungsaktive Materialien und klare Linien machen ihn zur idealen Wahl f\u00fcrs B\u00fcro<em>.<\/em><\/p>\n","protected":false},"excerpt":{"rendered":"<p>\u00fcberzeugt mit modernem Design und hohem Sitzkomfort f\u00fcr den Arbeitsalltag. Atmungsaktive Materialien und klare Linien machen ihn zur idealen Wahl f\u00fcrs B\u00fcro.<\/p>\n","protected":false},"featured_media":333,"template":"","meta":[],"product_cat":[47],"product_tag":[],"class_list":{"0":"post-331","1":"product","2":"type-product","3":"status-publish","4":"has-post-thumbnail","6":"product_cat-buero-und-bueroeinrichtung","8":"first","9":"instock","10":"taxable","11":"shipping-taxable","12":"purchasable","13":"product-type-simple"},"_links":{"self":[{"href":"https:\/\/actionmall.act.at\/shop\/657\/en\/wp-json\/wp\/v2\/product\/331"}],"collection":[{"href":"https:\/\/actionmall.act.at\/shop\/657\/en\/wp-json\/wp\/v2\/product"}],"about":[{"href":"https:\/\/actionmall.act.at\/shop\/657\/en\/wp-json\/wp\/v2\/types\/product"}],"wp:featuredmedia":[{"embeddable":true,"href":"https:\/\/actionmall.act.at\/shop\/657\/en\/wp-json\/wp\/v2\/media\/333"}],"wp:attachment":[{"href":"https:\/\/actionmall.act.at\/shop\/657\/en\/wp-json\/wp\/v2\/media?parent=331"}],"wp:term":[{"taxonomy":"product_cat","embeddable":true,"href":"https:\/\/actionmall.act.at\/shop\/657\/en\/wp-json\/wp\/v2\/product_cat?post=331"},{"taxonomy":"product_tag","embeddable":true,"href":"https:\/\/actionmall.act.at\/shop\/657\/en\/wp-json\/wp\/v2\/product_tag?post=331"}],"curies":[{"name":"wp","href":"https:\/\/api.w.org\/{rel}","templated":true}]}}