{"id":364,"date":"2026-03-23T13:39:31","date_gmt":"2026-03-23T12:39:31","guid":{"rendered":"https:\/\/actionmall.act.at\/shop\/657\/?post_type=product&#038;p=364"},"modified":"2026-03-23T13:39:31","modified_gmt":"2026-03-23T12:39:31","slug":"locker","status":"publish","type":"product","link":"https:\/\/actionmall.act.at\/shop\/657\/en\/produkt\/locker\/","title":{"rendered":"Locker"},"content":{"rendered":"<p>Lochstanzer und Tacker kombiniert zu einem Produkt. Ideal f\u00fcr B\u00fcro und Homeoffice. Robuste Konstruktion und ergonomisches Design. Effektiv und Pr\u00e4zise.<\/p>\n<p>Ordnung ohne Umwege!<\/p>\n","protected":false},"excerpt":{"rendered":"<p>Lochstanzer und Tacker kombiniert zu einem Produkt. Ideal f\u00fcr B\u00fcro und Homeoffice. Robuste Konstruktion und ergonomisches Design. Effektiv und Pr\u00e4zise. Ordnung ohne Umwege!<\/p>\n","protected":false},"featured_media":365,"template":"","meta":[],"product_cat":[47],"product_tag":[],"class_list":{"0":"post-364","1":"product","2":"type-product","3":"status-publish","4":"has-post-thumbnail","6":"product_cat-buero-und-bueroeinrichtung","8":"first","9":"instock","10":"taxable","11":"shipping-taxable","12":"purchasable","13":"product-type-simple"},"_links":{"self":[{"href":"https:\/\/actionmall.act.at\/shop\/657\/en\/wp-json\/wp\/v2\/product\/364"}],"collection":[{"href":"https:\/\/actionmall.act.at\/shop\/657\/en\/wp-json\/wp\/v2\/product"}],"about":[{"href":"https:\/\/actionmall.act.at\/shop\/657\/en\/wp-json\/wp\/v2\/types\/product"}],"wp:featuredmedia":[{"embeddable":true,"href":"https:\/\/actionmall.act.at\/shop\/657\/en\/wp-json\/wp\/v2\/media\/365"}],"wp:attachment":[{"href":"https:\/\/actionmall.act.at\/shop\/657\/en\/wp-json\/wp\/v2\/media?parent=364"}],"wp:term":[{"taxonomy":"product_cat","embeddable":true,"href":"https:\/\/actionmall.act.at\/shop\/657\/en\/wp-json\/wp\/v2\/product_cat?post=364"},{"taxonomy":"product_tag","embeddable":true,"href":"https:\/\/actionmall.act.at\/shop\/657\/en\/wp-json\/wp\/v2\/product_tag?post=364"}],"curies":[{"name":"wp","href":"https:\/\/api.w.org\/{rel}","templated":true}]}}