{"id":271,"date":"2024-11-14T15:14:37","date_gmt":"2024-11-14T14:14:37","guid":{"rendered":"https:\/\/actionmall.act.at\/shop\/657\/?post_type=product&#038;p=271"},"modified":"2026-03-16T15:21:19","modified_gmt":"2026-03-16T14:21:19","slug":"loeffler-fungo","status":"publish","type":"product","link":"https:\/\/actionmall.act.at\/shop\/657\/produkt\/loeffler-fungo\/","title":{"rendered":"L\u00f6ffler Fungo"},"content":{"rendered":"<p>ist ein ergonomischer Sitzhocker f\u00fcr dynamisches, bewegtes Sitzen, der deine R\u00fcckenmuskulatur aktiviert und die Haltung st\u00e4rkt \u2013 \u00e4hnlich wie ein stabiler Sitzball, aber mit festem Stand.<\/p>\n","protected":false},"excerpt":{"rendered":"<p>\u25cf Material: Polyurethan<br \/>\n\u25cf Farbe: Schwarz, Orange, Rot,<br \/>\nBlau, Grau<\/p>\n","protected":false},"featured_media":272,"template":"","meta":[],"product_cat":[47],"product_tag":[],"class_list":{"0":"post-271","1":"product","2":"type-product","3":"status-publish","4":"has-post-thumbnail","6":"product_cat-buero-und-bueroeinrichtung","8":"first","9":"instock","10":"taxable","11":"shipping-taxable","12":"purchasable","13":"product-type-simple"},"_links":{"self":[{"href":"https:\/\/actionmall.act.at\/shop\/657\/wp-json\/wp\/v2\/product\/271"}],"collection":[{"href":"https:\/\/actionmall.act.at\/shop\/657\/wp-json\/wp\/v2\/product"}],"about":[{"href":"https:\/\/actionmall.act.at\/shop\/657\/wp-json\/wp\/v2\/types\/product"}],"wp:featuredmedia":[{"embeddable":true,"href":"https:\/\/actionmall.act.at\/shop\/657\/wp-json\/wp\/v2\/media\/272"}],"wp:attachment":[{"href":"https:\/\/actionmall.act.at\/shop\/657\/wp-json\/wp\/v2\/media?parent=271"}],"wp:term":[{"taxonomy":"product_cat","embeddable":true,"href":"https:\/\/actionmall.act.at\/shop\/657\/wp-json\/wp\/v2\/product_cat?post=271"},{"taxonomy":"product_tag","embeddable":true,"href":"https:\/\/actionmall.act.at\/shop\/657\/wp-json\/wp\/v2\/product_tag?post=271"}],"curies":[{"name":"wp","href":"https:\/\/api.w.org\/{rel}","templated":true}]}}