{"id":300,"date":"2026-03-16T15:08:15","date_gmt":"2026-03-16T14:08:15","guid":{"rendered":"https:\/\/actionmall.act.at\/shop\/657\/?post_type=product&#038;p=300"},"modified":"2026-03-16T15:08:15","modified_gmt":"2026-03-16T14:08:15","slug":"ionit-wandcreme","status":"publish","type":"product","link":"https:\/\/actionmall.act.at\/shop\/657\/produkt\/ionit-wandcreme\/","title":{"rendered":"Ionit Wandcreme"},"content":{"rendered":"<p>In der Raumluft sind unter anderem Sauerstoff- und Wassermolek\u00fcle enthalten. Treten diese mit den speziellen nat\u00fcrlichen Mineralien der IONIT Wandcreme in Kontakt, werden f\u00fcr den Menschen lebensnotwendige \u201eLuftionen\u201c erzeugt.<\/p>\n","protected":false},"excerpt":{"rendered":"<p>In der Raumluft sind unter anderem Sauerstoff- und Wassermolek\u00fcle enthalten. Treten diese mit den speziellen nat\u00fcrlichen Mineralien der IONIT Wandcreme in Kontakt, werden f\u00fcr den Menschen lebensnotwendige \u201eLuftionen\u201c erzeugt.<\/p>\n","protected":false},"featured_media":303,"template":"","meta":[],"product_cat":[47],"product_tag":[],"class_list":{"0":"post-300","1":"product","2":"type-product","3":"status-publish","4":"has-post-thumbnail","6":"product_cat-buero-und-bueroeinrichtung","8":"first","9":"instock","10":"taxable","11":"shipping-taxable","12":"purchasable","13":"product-type-simple"},"_links":{"self":[{"href":"https:\/\/actionmall.act.at\/shop\/657\/wp-json\/wp\/v2\/product\/300"}],"collection":[{"href":"https:\/\/actionmall.act.at\/shop\/657\/wp-json\/wp\/v2\/product"}],"about":[{"href":"https:\/\/actionmall.act.at\/shop\/657\/wp-json\/wp\/v2\/types\/product"}],"wp:featuredmedia":[{"embeddable":true,"href":"https:\/\/actionmall.act.at\/shop\/657\/wp-json\/wp\/v2\/media\/303"}],"wp:attachment":[{"href":"https:\/\/actionmall.act.at\/shop\/657\/wp-json\/wp\/v2\/media?parent=300"}],"wp:term":[{"taxonomy":"product_cat","embeddable":true,"href":"https:\/\/actionmall.act.at\/shop\/657\/wp-json\/wp\/v2\/product_cat?post=300"},{"taxonomy":"product_tag","embeddable":true,"href":"https:\/\/actionmall.act.at\/shop\/657\/wp-json\/wp\/v2\/product_tag?post=300"}],"curies":[{"name":"wp","href":"https:\/\/api.w.org\/{rel}","templated":true}]}}