{"id":301,"date":"2026-03-16T15:07:22","date_gmt":"2026-03-16T14:07:22","guid":{"rendered":"https:\/\/actionmall.act.at\/shop\/657\/?post_type=product&#038;p=301"},"modified":"2026-03-16T15:21:42","modified_gmt":"2026-03-16T14:21:42","slug":"microsoft-sculpt-ergonomic-mouse","status":"publish","type":"product","link":"https:\/\/actionmall.act.at\/shop\/657\/produkt\/microsoft-sculpt-ergonomic-mouse\/","title":{"rendered":"Microsoft Sculpt Ergonomic Mouse"},"content":{"rendered":"<p>unterst\u00fctzt eine nat\u00fcrliche Handhaltung und sorgt f\u00fcr entspanntes Arbeiten. Ideal f\u00fcr komfortable und pr\u00e4zise<\/p>\n","protected":false},"excerpt":{"rendered":"<p>unterst\u00fctzt eine nat\u00fcrliche Handhaltung und sorgt f\u00fcr entspanntes Arbeiten. Ideal f\u00fcr komfortable und pr\u00e4zise<\/p>\n","protected":false},"featured_media":302,"template":"","meta":[],"product_cat":[47],"product_tag":[],"class_list":{"0":"post-301","1":"product","2":"type-product","3":"status-publish","4":"has-post-thumbnail","6":"product_cat-buero-und-bueroeinrichtung","8":"first","9":"instock","10":"taxable","11":"shipping-taxable","12":"purchasable","13":"product-type-simple"},"_links":{"self":[{"href":"https:\/\/actionmall.act.at\/shop\/657\/wp-json\/wp\/v2\/product\/301"}],"collection":[{"href":"https:\/\/actionmall.act.at\/shop\/657\/wp-json\/wp\/v2\/product"}],"about":[{"href":"https:\/\/actionmall.act.at\/shop\/657\/wp-json\/wp\/v2\/types\/product"}],"wp:featuredmedia":[{"embeddable":true,"href":"https:\/\/actionmall.act.at\/shop\/657\/wp-json\/wp\/v2\/media\/302"}],"wp:attachment":[{"href":"https:\/\/actionmall.act.at\/shop\/657\/wp-json\/wp\/v2\/media?parent=301"}],"wp:term":[{"taxonomy":"product_cat","embeddable":true,"href":"https:\/\/actionmall.act.at\/shop\/657\/wp-json\/wp\/v2\/product_cat?post=301"},{"taxonomy":"product_tag","embeddable":true,"href":"https:\/\/actionmall.act.at\/shop\/657\/wp-json\/wp\/v2\/product_tag?post=301"}],"curies":[{"name":"wp","href":"https:\/\/api.w.org\/{rel}","templated":true}]}}