{"id":305,"date":"2026-03-16T15:10:00","date_gmt":"2026-03-16T14:10:00","guid":{"rendered":"https:\/\/actionmall.act.at\/shop\/657\/?post_type=product&#038;p=305"},"modified":"2026-03-16T15:19:12","modified_gmt":"2026-03-16T14:19:12","slug":"microsoft-wiresless-comfort-desktop-5000","status":"publish","type":"product","link":"https:\/\/actionmall.act.at\/shop\/657\/produkt\/microsoft-wiresless-comfort-desktop-5000\/","title":{"rendered":"Microsoft Wiresless Comfort Desktop 5000"},"content":{"rendered":"<p>bietet dir eine zuverl\u00e4ssige kabellose Tastatur-Maus-Kombination mit hohem Tippkomfort und pr\u00e4ziser Steuerung f\u00fcr produktives Arbeiten.<br \/>\nErgonomisches Design, leiser Tastenanschlag und stabile Funkverbindung sorgen f\u00fcr Effizienz und Komfort im B\u00fcro oder Homeoffice<\/p>\n","protected":false},"excerpt":{"rendered":"<p>bietet dir eine zuverl\u00e4ssige kabellose Tastatur-Maus-Kombination mit hohem Tippkomfort und pr\u00e4ziser Steuerung f\u00fcr produktives Arbeiten. Ergonomisches Design, leiser Tastenanschlag und stabile Funkverbindung sorgen f\u00fcr Effizienz und Komfort im B\u00fcro oder Homeoffice<\/p>\n","protected":false},"featured_media":307,"template":"","meta":[],"product_cat":[47],"product_tag":[],"class_list":{"0":"post-305","1":"product","2":"type-product","3":"status-publish","4":"has-post-thumbnail","6":"product_cat-buero-und-bueroeinrichtung","8":"first","9":"instock","10":"taxable","11":"shipping-taxable","12":"purchasable","13":"product-type-simple"},"_links":{"self":[{"href":"https:\/\/actionmall.act.at\/shop\/657\/wp-json\/wp\/v2\/product\/305"}],"collection":[{"href":"https:\/\/actionmall.act.at\/shop\/657\/wp-json\/wp\/v2\/product"}],"about":[{"href":"https:\/\/actionmall.act.at\/shop\/657\/wp-json\/wp\/v2\/types\/product"}],"wp:featuredmedia":[{"embeddable":true,"href":"https:\/\/actionmall.act.at\/shop\/657\/wp-json\/wp\/v2\/media\/307"}],"wp:attachment":[{"href":"https:\/\/actionmall.act.at\/shop\/657\/wp-json\/wp\/v2\/media?parent=305"}],"wp:term":[{"taxonomy":"product_cat","embeddable":true,"href":"https:\/\/actionmall.act.at\/shop\/657\/wp-json\/wp\/v2\/product_cat?post=305"},{"taxonomy":"product_tag","embeddable":true,"href":"https:\/\/actionmall.act.at\/shop\/657\/wp-json\/wp\/v2\/product_tag?post=305"}],"curies":[{"name":"wp","href":"https:\/\/api.w.org\/{rel}","templated":true}]}}