{"id":309,"date":"2026-03-16T15:12:20","date_gmt":"2026-03-16T14:12:20","guid":{"rendered":"https:\/\/actionmall.act.at\/shop\/657\/?post_type=product&#038;p=309"},"modified":"2026-03-16T15:20:22","modified_gmt":"2026-03-16T14:20:22","slug":"ergo-monitorstaender","status":"publish","type":"product","link":"https:\/\/actionmall.act.at\/shop\/657\/produkt\/ergo-monitorstaender\/","title":{"rendered":"Ergo Monitorst\u00e4nder"},"content":{"rendered":"<p>Optimieren Sie Ihren Arbeitsplatz mit unseren h\u00f6henverstellbaren Monitorst\u00e4ndern. Bringen Sie Ihren Bildschirm auf Augenh\u00f6he, um Nackenbelastungen zu reduzieren und die Sicht zu verbessern.<\/p>\n","protected":false},"excerpt":{"rendered":"<p>Optimieren Sie Ihren Arbeitsplatz mit unseren h\u00f6henverstellbaren Monitorst\u00e4ndern. Bringen Sie Ihren Bildschirm auf Augenh\u00f6he, um Nackenbelastungen zu reduzieren und die Sicht zu verbessern.<\/p>\n","protected":false},"featured_media":310,"template":"","meta":[],"product_cat":[47],"product_tag":[],"class_list":{"0":"post-309","1":"product","2":"type-product","3":"status-publish","4":"has-post-thumbnail","6":"product_cat-buero-und-bueroeinrichtung","8":"first","9":"instock","10":"taxable","11":"shipping-taxable","12":"purchasable","13":"product-type-simple"},"_links":{"self":[{"href":"https:\/\/actionmall.act.at\/shop\/657\/wp-json\/wp\/v2\/product\/309"}],"collection":[{"href":"https:\/\/actionmall.act.at\/shop\/657\/wp-json\/wp\/v2\/product"}],"about":[{"href":"https:\/\/actionmall.act.at\/shop\/657\/wp-json\/wp\/v2\/types\/product"}],"wp:featuredmedia":[{"embeddable":true,"href":"https:\/\/actionmall.act.at\/shop\/657\/wp-json\/wp\/v2\/media\/310"}],"wp:attachment":[{"href":"https:\/\/actionmall.act.at\/shop\/657\/wp-json\/wp\/v2\/media?parent=309"}],"wp:term":[{"taxonomy":"product_cat","embeddable":true,"href":"https:\/\/actionmall.act.at\/shop\/657\/wp-json\/wp\/v2\/product_cat?post=309"},{"taxonomy":"product_tag","embeddable":true,"href":"https:\/\/actionmall.act.at\/shop\/657\/wp-json\/wp\/v2\/product_tag?post=309"}],"curies":[{"name":"wp","href":"https:\/\/api.w.org\/{rel}","templated":true}]}}