{"id":325,"date":"2026-03-16T15:25:42","date_gmt":"2026-03-16T14:25:42","guid":{"rendered":"https:\/\/actionmall.act.at\/shop\/657\/?post_type=product&#038;p=325"},"modified":"2026-03-16T15:26:16","modified_gmt":"2026-03-16T14:26:16","slug":"microsoft-natural-ergonomic-keyboard","status":"publish","type":"product","link":"https:\/\/actionmall.act.at\/shop\/657\/produkt\/microsoft-natural-ergonomic-keyboard\/","title":{"rendered":"Microsoft Natural Ergonomic Keyboard"},"content":{"rendered":"<p>Ergonomisches, geteiltes Design mit geschwungener Form f\u00fcr eine nat\u00fcrliche Handhaltung, entlastetes Tippen und weniger Erm\u00fcdung.<\/p>\n","protected":false},"excerpt":{"rendered":"<p>Ergonomisches, geteiltes Design mit geschwungener Form f\u00fcr eine nat\u00fcrliche Handhaltung, entlastetes Tippen und weniger Erm\u00fcdung.<\/p>\n","protected":false},"featured_media":327,"template":"","meta":[],"product_cat":[47],"product_tag":[],"class_list":{"0":"post-325","1":"product","2":"type-product","3":"status-publish","4":"has-post-thumbnail","6":"product_cat-buero-und-bueroeinrichtung","8":"first","9":"instock","10":"taxable","11":"shipping-taxable","12":"purchasable","13":"product-type-simple"},"_links":{"self":[{"href":"https:\/\/actionmall.act.at\/shop\/657\/wp-json\/wp\/v2\/product\/325"}],"collection":[{"href":"https:\/\/actionmall.act.at\/shop\/657\/wp-json\/wp\/v2\/product"}],"about":[{"href":"https:\/\/actionmall.act.at\/shop\/657\/wp-json\/wp\/v2\/types\/product"}],"wp:featuredmedia":[{"embeddable":true,"href":"https:\/\/actionmall.act.at\/shop\/657\/wp-json\/wp\/v2\/media\/327"}],"wp:attachment":[{"href":"https:\/\/actionmall.act.at\/shop\/657\/wp-json\/wp\/v2\/media?parent=325"}],"wp:term":[{"taxonomy":"product_cat","embeddable":true,"href":"https:\/\/actionmall.act.at\/shop\/657\/wp-json\/wp\/v2\/product_cat?post=325"},{"taxonomy":"product_tag","embeddable":true,"href":"https:\/\/actionmall.act.at\/shop\/657\/wp-json\/wp\/v2\/product_tag?post=325"}],"curies":[{"name":"wp","href":"https:\/\/api.w.org\/{rel}","templated":true}]}}