{"id":326,"date":"2026-03-16T15:28:37","date_gmt":"2026-03-16T14:28:37","guid":{"rendered":"https:\/\/actionmall.act.at\/shop\/657\/?post_type=product&#038;p=326"},"modified":"2026-03-16T15:28:38","modified_gmt":"2026-03-16T14:28:38","slug":"loeffler-plus-taschenfederkern","status":"publish","type":"product","link":"https:\/\/actionmall.act.at\/shop\/657\/produkt\/loeffler-plus-taschenfederkern\/","title":{"rendered":"L\u00f6ffler Plus Taschenfederkern"},"content":{"rendered":"<p>Ein komfortables B\u00fcrom\u00f6bel durch und durch. Ein hochwertiger B\u00fcrostuhl, der Ihnen lange Freude bereiten wird und zus\u00e4tzlich einen dezenten Akzent im B\u00fcro setzt.<\/p>\n","protected":false},"excerpt":{"rendered":"<p>Ein komfortables B\u00fcrom\u00f6bel durch und durch. Ein hochwertiger B\u00fcrostuhl, der Ihnen lange Freude bereiten wird und zus\u00e4tzlich einen dezenten Akzent im B\u00fcro setzt.<\/p>\n","protected":false},"featured_media":330,"template":"","meta":[],"product_cat":[47],"product_tag":[],"class_list":{"0":"post-326","1":"product","2":"type-product","3":"status-publish","4":"has-post-thumbnail","6":"product_cat-buero-und-bueroeinrichtung","8":"first","9":"instock","10":"taxable","11":"shipping-taxable","12":"purchasable","13":"product-type-simple"},"_links":{"self":[{"href":"https:\/\/actionmall.act.at\/shop\/657\/wp-json\/wp\/v2\/product\/326"}],"collection":[{"href":"https:\/\/actionmall.act.at\/shop\/657\/wp-json\/wp\/v2\/product"}],"about":[{"href":"https:\/\/actionmall.act.at\/shop\/657\/wp-json\/wp\/v2\/types\/product"}],"wp:featuredmedia":[{"embeddable":true,"href":"https:\/\/actionmall.act.at\/shop\/657\/wp-json\/wp\/v2\/media\/330"}],"wp:attachment":[{"href":"https:\/\/actionmall.act.at\/shop\/657\/wp-json\/wp\/v2\/media?parent=326"}],"wp:term":[{"taxonomy":"product_cat","embeddable":true,"href":"https:\/\/actionmall.act.at\/shop\/657\/wp-json\/wp\/v2\/product_cat?post=326"},{"taxonomy":"product_tag","embeddable":true,"href":"https:\/\/actionmall.act.at\/shop\/657\/wp-json\/wp\/v2\/product_tag?post=326"}],"curies":[{"name":"wp","href":"https:\/\/api.w.org\/{rel}","templated":true}]}}