{"id":332,"date":"2026-03-16T15:30:40","date_gmt":"2026-03-16T14:30:40","guid":{"rendered":"https:\/\/actionmall.act.at\/shop\/657\/?post_type=product&#038;p=332"},"modified":"2026-03-16T15:30:57","modified_gmt":"2026-03-16T14:30:57","slug":"loeffler-tango-23","status":"publish","type":"product","link":"https:\/\/actionmall.act.at\/shop\/657\/produkt\/loeffler-tango-23\/","title":{"rendered":"L\u00f6ffler Tango 23"},"content":{"rendered":"<p>Inspiriert von der Liebe zur Bewegung haben die Erschaffer f\u00fcr lebhafte Formen gesorgt. R\u00fcckenlehne und Sitzfl\u00e4che sind glatt und schwungvoll gestaltet, was geradezu an die Rundungen einer Tangot\u00e4nzerin erinnert.<\/p>\n","protected":false},"excerpt":{"rendered":"<p>Inspiriert von der Liebe zur Bewegung haben die Erschaffer f\u00fcr lebhafte Formen gesorgt. R\u00fcckenlehne und Sitzfl\u00e4che sind glatt und schwungvoll gestaltet, was geradezu an die Rundungen einer Tangot\u00e4nzerin erinnert.<\/p>\n","protected":false},"featured_media":335,"template":"","meta":[],"product_cat":[47],"product_tag":[],"class_list":{"0":"post-332","1":"product","2":"type-product","3":"status-publish","4":"has-post-thumbnail","6":"product_cat-buero-und-bueroeinrichtung","8":"first","9":"instock","10":"taxable","11":"shipping-taxable","12":"purchasable","13":"product-type-simple"},"_links":{"self":[{"href":"https:\/\/actionmall.act.at\/shop\/657\/wp-json\/wp\/v2\/product\/332"}],"collection":[{"href":"https:\/\/actionmall.act.at\/shop\/657\/wp-json\/wp\/v2\/product"}],"about":[{"href":"https:\/\/actionmall.act.at\/shop\/657\/wp-json\/wp\/v2\/types\/product"}],"wp:featuredmedia":[{"embeddable":true,"href":"https:\/\/actionmall.act.at\/shop\/657\/wp-json\/wp\/v2\/media\/335"}],"wp:attachment":[{"href":"https:\/\/actionmall.act.at\/shop\/657\/wp-json\/wp\/v2\/media?parent=332"}],"wp:term":[{"taxonomy":"product_cat","embeddable":true,"href":"https:\/\/actionmall.act.at\/shop\/657\/wp-json\/wp\/v2\/product_cat?post=332"},{"taxonomy":"product_tag","embeddable":true,"href":"https:\/\/actionmall.act.at\/shop\/657\/wp-json\/wp\/v2\/product_tag?post=332"}],"curies":[{"name":"wp","href":"https:\/\/api.w.org\/{rel}","templated":true}]}}