{"id":342,"date":"2026-03-16T15:37:06","date_gmt":"2026-03-16T14:37:06","guid":{"rendered":"https:\/\/actionmall.act.at\/shop\/657\/?post_type=product&#038;p=342"},"modified":"2026-03-16T15:37:06","modified_gmt":"2026-03-16T14:37:06","slug":"loeffler-ergo","status":"publish","type":"product","link":"https:\/\/actionmall.act.at\/shop\/657\/produkt\/loeffler-ergo\/","title":{"rendered":"L\u00f6ffler ERGO"},"content":{"rendered":"<p>Stets treu zu Diensten: Der Hocker ERGO \u2013 Das Sitzmobil sorgt dank h\u00f6chster Komfort- Anspr\u00fcche und edlem Aussehen f\u00fcr einen harmonischen Auftritt im B\u00fcro.<\/p>\n","protected":false},"excerpt":{"rendered":"<p>Stets treu zu Diensten: Der Hocker ERGO \u2013 Das Sitzmobil sorgt dank h\u00f6chster Komfort- Anspr\u00fcche und edlem Aussehen f\u00fcr einen harmonischen Auftritt im B\u00fcro.<\/p>\n","protected":false},"featured_media":343,"template":"","meta":[],"product_cat":[47],"product_tag":[],"class_list":{"0":"post-342","1":"product","2":"type-product","3":"status-publish","4":"has-post-thumbnail","6":"product_cat-buero-und-bueroeinrichtung","8":"first","9":"instock","10":"taxable","11":"shipping-taxable","12":"purchasable","13":"product-type-simple"},"_links":{"self":[{"href":"https:\/\/actionmall.act.at\/shop\/657\/wp-json\/wp\/v2\/product\/342"}],"collection":[{"href":"https:\/\/actionmall.act.at\/shop\/657\/wp-json\/wp\/v2\/product"}],"about":[{"href":"https:\/\/actionmall.act.at\/shop\/657\/wp-json\/wp\/v2\/types\/product"}],"wp:featuredmedia":[{"embeddable":true,"href":"https:\/\/actionmall.act.at\/shop\/657\/wp-json\/wp\/v2\/media\/343"}],"wp:attachment":[{"href":"https:\/\/actionmall.act.at\/shop\/657\/wp-json\/wp\/v2\/media?parent=342"}],"wp:term":[{"taxonomy":"product_cat","embeddable":true,"href":"https:\/\/actionmall.act.at\/shop\/657\/wp-json\/wp\/v2\/product_cat?post=342"},{"taxonomy":"product_tag","embeddable":true,"href":"https:\/\/actionmall.act.at\/shop\/657\/wp-json\/wp\/v2\/product_tag?post=342"}],"curies":[{"name":"wp","href":"https:\/\/api.w.org\/{rel}","templated":true}]}}