{"id":351,"date":"2026-03-16T15:45:20","date_gmt":"2026-03-16T14:45:20","guid":{"rendered":"https:\/\/actionmall.act.at\/shop\/657\/?post_type=product&#038;p=351"},"modified":"2026-03-16T15:45:20","modified_gmt":"2026-03-16T14:45:20","slug":"ergo-office-basic-959","status":"publish","type":"product","link":"https:\/\/actionmall.act.at\/shop\/657\/produkt\/ergo-office-basic-959\/","title":{"rendered":"Ergo Office Basic 959"},"content":{"rendered":"<p>Fu\u00dfst\u00fctzen dienen einerseits dem H\u00f6henausgleich bei zu hohen Arbeitstischen, andererseits jedoch macht die Verwendung von bewegungsf\u00f6rdernden Fu\u00dfst\u00fctzen an jedem Computerarbeitsplatz Sinn, denn sie erm\u00f6glichen es, w\u00e4hrend des Sitzens die Bein Muskulatur zu aktivieren und sorgen somit f\u00fcr eine bessere Durchblutung.<\/p>\n","protected":false},"excerpt":{"rendered":"<p>Fu\u00dfst\u00fctzen dienen einerseits dem H\u00f6henausgleich bei zu hohen Arbeitstischen, andererseits jedoch macht die Verwendung von bewegungsf\u00f6rdernden Fu\u00dfst\u00fctzen an jedem Computerarbeitsplatz Sinn, denn sie erm\u00f6glichen es, w\u00e4hrend des Sitzens die Bein Muskulatur zu aktivieren und sorgen somit f\u00fcr eine bessere Durchblutung.<\/p>\n","protected":false},"featured_media":352,"template":"","meta":[],"product_cat":[34,47],"product_tag":[],"class_list":{"0":"post-351","1":"product","2":"type-product","3":"status-publish","4":"has-post-thumbnail","6":"product_cat-autos-und-fahrzeuge","7":"product_cat-buero-und-bueroeinrichtung","9":"first","10":"instock","11":"taxable","12":"shipping-taxable","13":"purchasable","14":"product-type-simple"},"_links":{"self":[{"href":"https:\/\/actionmall.act.at\/shop\/657\/wp-json\/wp\/v2\/product\/351"}],"collection":[{"href":"https:\/\/actionmall.act.at\/shop\/657\/wp-json\/wp\/v2\/product"}],"about":[{"href":"https:\/\/actionmall.act.at\/shop\/657\/wp-json\/wp\/v2\/types\/product"}],"wp:featuredmedia":[{"embeddable":true,"href":"https:\/\/actionmall.act.at\/shop\/657\/wp-json\/wp\/v2\/media\/352"}],"wp:attachment":[{"href":"https:\/\/actionmall.act.at\/shop\/657\/wp-json\/wp\/v2\/media?parent=351"}],"wp:term":[{"taxonomy":"product_cat","embeddable":true,"href":"https:\/\/actionmall.act.at\/shop\/657\/wp-json\/wp\/v2\/product_cat?post=351"},{"taxonomy":"product_tag","embeddable":true,"href":"https:\/\/actionmall.act.at\/shop\/657\/wp-json\/wp\/v2\/product_tag?post=351"}],"curies":[{"name":"wp","href":"https:\/\/api.w.org\/{rel}","templated":true}]}}