{"id":355,"date":"2026-03-16T15:48:47","date_gmt":"2026-03-16T14:48:47","guid":{"rendered":"https:\/\/actionmall.act.at\/shop\/657\/?post_type=product&#038;p=355"},"modified":"2026-03-16T15:48:47","modified_gmt":"2026-03-16T14:48:47","slug":"ergo-handgelenkstuetzen","status":"publish","type":"product","link":"https:\/\/actionmall.act.at\/shop\/657\/produkt\/ergo-handgelenkstuetzen\/","title":{"rendered":"Ergo Handgelenkst\u00fctzen"},"content":{"rendered":"<p>Verhindern Sie Erm\u00fcdung und Belastung durch unsere ergonomischen Handgelenkst\u00fctzen. Ideal f\u00fcr den Einsatz bei der Arbeit am Computer oder bei anderen repetitiven T\u00e4tigkeiten.<\/p>\n","protected":false},"excerpt":{"rendered":"<p>Verhindern Sie Erm\u00fcdung und Belastung durch unsere ergonomischen Handgelenkst\u00fctzen. Ideal f\u00fcr den Einsatz bei der Arbeit am Computer oder bei anderen repetitiven T\u00e4tigkeiten.<\/p>\n","protected":false},"featured_media":356,"template":"","meta":[],"product_cat":[47],"product_tag":[],"class_list":{"0":"post-355","1":"product","2":"type-product","3":"status-publish","4":"has-post-thumbnail","6":"product_cat-buero-und-bueroeinrichtung","8":"first","9":"instock","10":"taxable","11":"shipping-taxable","12":"purchasable","13":"product-type-simple"},"_links":{"self":[{"href":"https:\/\/actionmall.act.at\/shop\/657\/wp-json\/wp\/v2\/product\/355"}],"collection":[{"href":"https:\/\/actionmall.act.at\/shop\/657\/wp-json\/wp\/v2\/product"}],"about":[{"href":"https:\/\/actionmall.act.at\/shop\/657\/wp-json\/wp\/v2\/types\/product"}],"wp:featuredmedia":[{"embeddable":true,"href":"https:\/\/actionmall.act.at\/shop\/657\/wp-json\/wp\/v2\/media\/356"}],"wp:attachment":[{"href":"https:\/\/actionmall.act.at\/shop\/657\/wp-json\/wp\/v2\/media?parent=355"}],"wp:term":[{"taxonomy":"product_cat","embeddable":true,"href":"https:\/\/actionmall.act.at\/shop\/657\/wp-json\/wp\/v2\/product_cat?post=355"},{"taxonomy":"product_tag","embeddable":true,"href":"https:\/\/actionmall.act.at\/shop\/657\/wp-json\/wp\/v2\/product_tag?post=355"}],"curies":[{"name":"wp","href":"https:\/\/api.w.org\/{rel}","templated":true}]}}