{"id":1922,"date":"2025-03-10T14:42:50","date_gmt":"2025-03-10T13:42:50","guid":{"rendered":"https:\/\/actionmall.act.at\/shop\/663\/?post_type=product&#038;p=1922"},"modified":"2026-03-16T10:53:00","modified_gmt":"2026-03-16T09:53:00","slug":"bio-snack-straussenfleisch-200g","status":"publish","type":"product","link":"https:\/\/actionmall.act.at\/shop\/663\/en\/produkt\/bio-snack-straussenfleisch-200g\/","title":{"rendered":"BIO Snack, Strau\u00dfenfleisch \/ 200g"},"content":{"rendered":"<p>BIO Snack, Strau\u00dfenfleisch \/ 200 g<\/p>\n<p>Produktinformation<\/p>\n<p>Strau\u00dfen-Schienbeinknochen 98,8 %, Canola-\u00d6l 1,2 %, Protein 24,93 %, Fettgehalt 16,75 %, Rohasche 41,2 %, Rohfaser 2,89 %, Feuchte 8,01 %, Gro\u00dfer Knabberspa\u00df, der dem Hund lange Freude bereitet! Eine nat\u00fcrliche Zahnb\u00fcrste f\u00fcr jeden Hund.<\/p>\n<p>Ungek\u00fchlt haltbar.<\/p>\n","protected":false},"excerpt":{"rendered":"<p>BIO Snack, Strau\u00dfenfleisch \/ 200 g Produktinformation Strau\u00dfen-Schienbeinknochen 98,8 %, Canola-\u00d6l 1,2 %, Protein 24,93 %, Fettgehalt 16,75 %, Rohasche 41,2 %, Rohfaser 2,89 %, Feuchte 8,01 %, Gro\u00dfer Knabberspa\u00df, der dem Hund lange Freude bereitet! Eine nat\u00fcrliche Zahnb\u00fcrste f\u00fcr jeden Hund. Ungek\u00fchlt haltbar.<\/p>\n","protected":false},"featured_media":1923,"template":"","meta":[],"product_cat":[34],"product_tag":[],"class_list":{"0":"post-1922","1":"product","2":"type-product","3":"status-publish","4":"has-post-thumbnail","6":"product_cat-autos-und-fahrzeuge","8":"first","9":"instock","10":"taxable","11":"shipping-taxable","12":"purchasable","13":"product-type-simple"},"_links":{"self":[{"href":"https:\/\/actionmall.act.at\/shop\/663\/en\/wp-json\/wp\/v2\/product\/1922"}],"collection":[{"href":"https:\/\/actionmall.act.at\/shop\/663\/en\/wp-json\/wp\/v2\/product"}],"about":[{"href":"https:\/\/actionmall.act.at\/shop\/663\/en\/wp-json\/wp\/v2\/types\/product"}],"wp:featuredmedia":[{"embeddable":true,"href":"https:\/\/actionmall.act.at\/shop\/663\/en\/wp-json\/wp\/v2\/media\/1923"}],"wp:attachment":[{"href":"https:\/\/actionmall.act.at\/shop\/663\/en\/wp-json\/wp\/v2\/media?parent=1922"}],"wp:term":[{"taxonomy":"product_cat","embeddable":true,"href":"https:\/\/actionmall.act.at\/shop\/663\/en\/wp-json\/wp\/v2\/product_cat?post=1922"},{"taxonomy":"product_tag","embeddable":true,"href":"https:\/\/actionmall.act.at\/shop\/663\/en\/wp-json\/wp\/v2\/product_tag?post=1922"}],"curies":[{"name":"wp","href":"https:\/\/api.w.org\/{rel}","templated":true}]}}