{"id":1930,"date":"2025-03-10T14:42:51","date_gmt":"2025-03-10T13:42:51","guid":{"rendered":"https:\/\/actionmall.act.at\/shop\/663\/?post_type=product&#038;p=1930"},"modified":"2026-02-09T09:33:06","modified_gmt":"2026-02-09T08:33:06","slug":"bio-snack-straussenflachsehnen-200g","status":"publish","type":"product","link":"https:\/\/actionmall.act.at\/shop\/663\/en\/produkt\/bio-snack-straussenflachsehnen-200g\/","title":{"rendered":"BIO Snack, Strau\u00dfenflachsehnen \/ 200g"},"content":{"rendered":"<p>100% Strau\u00dfenfleisch in BIO Qualit\u00e4t f\u00fcr Hunde aller Gr\u00f6\u00dfen und Rassen. Die Zutaten der Tiernahrung sind aus frischen Rohwaren mit biologischer Aufzucht schonend Luftgetrocknet, frei von chemischen Zus\u00e4tzen, Konservierungs-, Aroma- und Farbstoffen. Fettarmer Hundesnack und dadurch auch f\u00fcr \u00fcbergewichtige und ern\u00e4hrungssensible sowie unter Allergien leidende Hunde geeignet.<\/p>\n<p>Inhalt: Rohprotein: 52,10%, Rohfett: 18,60%, Rohasche: 19,80%, Rohfaser: 0,40%, Feuchtigkeit: 7,0%,<\/p>\n","protected":false},"excerpt":{"rendered":"<p>100% Strau\u00dfenfleisch in BIO Qualit\u00e4t f\u00fcr Hunde aller Gr\u00f6\u00dfen und Rassen. Die Zutaten der Tiernahrung sind aus frischen Rohwaren mit biologischer Aufzucht schonend Luftgetrocknet, frei von chemischen Zus\u00e4tzen, Konservierungs-, Aroma- und Farbstoffen. Fettarmer Hundesnack und dadurch auch f\u00fcr \u00fcbergewichtige und ern\u00e4hrungssensible sowie unter Allergien leidende Hunde geeignet. Inhalt: Rohprotein: 52,10%, Rohfett: 18,60%, Rohasche: 19,80%, Rohfaser: [&hellip;]<\/p>\n","protected":false},"featured_media":1936,"template":"","meta":[],"product_cat":[],"product_tag":[],"class_list":{"0":"post-1930","1":"product","2":"type-product","3":"status-publish","4":"has-post-thumbnail","7":"first","8":"instock","9":"taxable","10":"shipping-taxable","11":"purchasable","12":"product-type-simple"},"_links":{"self":[{"href":"https:\/\/actionmall.act.at\/shop\/663\/en\/wp-json\/wp\/v2\/product\/1930"}],"collection":[{"href":"https:\/\/actionmall.act.at\/shop\/663\/en\/wp-json\/wp\/v2\/product"}],"about":[{"href":"https:\/\/actionmall.act.at\/shop\/663\/en\/wp-json\/wp\/v2\/types\/product"}],"wp:featuredmedia":[{"embeddable":true,"href":"https:\/\/actionmall.act.at\/shop\/663\/en\/wp-json\/wp\/v2\/media\/1936"}],"wp:attachment":[{"href":"https:\/\/actionmall.act.at\/shop\/663\/en\/wp-json\/wp\/v2\/media?parent=1930"}],"wp:term":[{"taxonomy":"product_cat","embeddable":true,"href":"https:\/\/actionmall.act.at\/shop\/663\/en\/wp-json\/wp\/v2\/product_cat?post=1930"},{"taxonomy":"product_tag","embeddable":true,"href":"https:\/\/actionmall.act.at\/shop\/663\/en\/wp-json\/wp\/v2\/product_tag?post=1930"}],"curies":[{"name":"wp","href":"https:\/\/api.w.org\/{rel}","templated":true}]}}