{"id":1931,"date":"2025-03-10T14:42:52","date_gmt":"2025-03-10T13:42:52","guid":{"rendered":"https:\/\/actionmall.act.at\/shop\/663\/?post_type=product&#038;p=1931"},"modified":"2026-02-05T10:53:46","modified_gmt":"2026-02-05T09:53:46","slug":"bio-gefluegel-800g","status":"publish","type":"product","link":"https:\/\/actionmall.act.at\/shop\/663\/en\/produkt\/bio-gefluegel-800g\/","title":{"rendered":"BIO Gefl\u00fcgel \/ 800g"},"content":{"rendered":"<p>BIO Gefl\u00fcgelfleisch<br \/>\nZusammensetzung: Huhn 63 %, Br\u00fche, S\u00fc\u00dfkartoffeln 5,5 %, Mineralstoffe, Topinambur, Tomaten, Fruchtmischung (Aroniabeeren, Himbeeren, Holunderbeeren, Schwarze Johannisbeeren, Heidelbeeren, Cranberries), Yucca-Extrrakt, Kr\u00e4utermischung (Anissamen, Bockshornklee, Pfefferminze, Petersilie, Oregano, Thymian, Brennnessel, L\u00f6wenzahn, Wei\u00dfdorn, Ginseng).<\/p>\n<p>Analytische Bestandteile: Rohprotein 10 %, Rohfett 5,0 %, Rohasche 2,1 %, Rohfaser 0,8 %, Feuchtigkeit 78 %.<\/p>\n<p>Zusatzstoffe je kg: Vitamin D3 200 IE, Vitamin E (als all-rac-alpha-Tocopherylacetat) 20 mg, Vitamin B1 10 mg, Vitamin B2 6 mg, Vitamin B6 2 mg, Vitamin B12 75 \u00b5g, Niacinamid 15 mg, Fols\u00e4ure 0,35 mg, Biotin 300 \u00b5g. Spurenelemente: Zink (als Zinksulfat, Monohydrat) 25 mg, Mangan (als Mangan(II)-sulfat, Monohydrat) 1,4 mg, Kupfer (als Kupfer(II)-sulfat, Pentahydrat) 1 mg, Iod (als Kalziumjodat, wasserfrei) 0,75 mg. Aminos\u00e4uren: DL-Methionin 500 mg, Taurin 100 mg.<\/p>\n<p>Alleinfuttermittel f\u00fcr ausgewachsene Hunde<\/p>\n<p>&nbsp;<\/p>\n","protected":false},"excerpt":{"rendered":"<p>BIO Gefl\u00fcgelfleisch Zusammensetzung: Huhn 63 %, Br\u00fche, S\u00fc\u00dfkartoffeln 5,5 %, Mineralstoffe, Topinambur, Tomaten, Fruchtmischung (Aroniabeeren, Himbeeren, Holunderbeeren, Schwarze Johannisbeeren, Heidelbeeren, Cranberries), Yucca-Extrrakt, Kr\u00e4utermischung (Anissamen, Bockshornklee, Pfefferminze, Petersilie, Oregano, Thymian, Brennnessel, L\u00f6wenzahn, Wei\u00dfdorn, Ginseng). Analytische Bestandteile: Rohprotein 10 %, Rohfett 5,0 %, Rohasche 2,1 %, Rohfaser 0,8 %, Feuchtigkeit 78 %. Zusatzstoffe je kg: Vitamin D3 [&hellip;]<\/p>\n","protected":false},"featured_media":6067,"template":"","meta":[],"product_cat":[],"product_tag":[],"class_list":{"0":"post-1931","1":"product","2":"type-product","3":"status-publish","4":"has-post-thumbnail","7":"first","8":"instock","9":"taxable","10":"shipping-taxable","11":"purchasable","12":"product-type-simple"},"_links":{"self":[{"href":"https:\/\/actionmall.act.at\/shop\/663\/en\/wp-json\/wp\/v2\/product\/1931"}],"collection":[{"href":"https:\/\/actionmall.act.at\/shop\/663\/en\/wp-json\/wp\/v2\/product"}],"about":[{"href":"https:\/\/actionmall.act.at\/shop\/663\/en\/wp-json\/wp\/v2\/types\/product"}],"wp:featuredmedia":[{"embeddable":true,"href":"https:\/\/actionmall.act.at\/shop\/663\/en\/wp-json\/wp\/v2\/media\/6067"}],"wp:attachment":[{"href":"https:\/\/actionmall.act.at\/shop\/663\/en\/wp-json\/wp\/v2\/media?parent=1931"}],"wp:term":[{"taxonomy":"product_cat","embeddable":true,"href":"https:\/\/actionmall.act.at\/shop\/663\/en\/wp-json\/wp\/v2\/product_cat?post=1931"},{"taxonomy":"product_tag","embeddable":true,"href":"https:\/\/actionmall.act.at\/shop\/663\/en\/wp-json\/wp\/v2\/product_tag?post=1931"}],"curies":[{"name":"wp","href":"https:\/\/api.w.org\/{rel}","templated":true}]}}