{"id":253,"date":"2025-03-10T14:42:57","date_gmt":"2025-03-10T13:42:57","guid":{"rendered":"https:\/\/actionmall.act.at\/shop\/663\/?post_type=product&#038;p=253"},"modified":"2026-03-16T10:48:39","modified_gmt":"2026-03-16T09:48:39","slug":"deschnueffelteppich","status":"publish","type":"product","link":"https:\/\/actionmall.act.at\/shop\/663\/en\/produkt\/deschnueffelteppich\/","title":{"rendered":"Schn\u00fcffelteppich"},"content":{"rendered":"<p>Johnnies Schn\u00fcffelteppich, ca. 40x40cm<\/p>\n<p>Ihr Hund wird ihn lieben!<br \/>\nDer aus hochwertiger Baumwolle hergestellte Johnnies Schn\u00fcffelteppich bietet ein ultimatives Spielerlebnis. Als perfekte Erg\u00e4nzung zu unserem Johnnies Trockenfutter kann dieses darin versteckt werden und Ihr vierbeiniger Freund hat seinen Spa\u00df beim Erschn\u00fcffeln der Leckerlis.<br \/>\nDie herausfordernde Aufgabe spricht die Instinkte Ihres Lieblings an und f\u00f6rdert seinen Geruchssinn, geistige Fitness und mentale Agilit\u00e4t. Zudem wird zu schnelles Schlingen der Nahrung verhindert.<\/p>\n<p>F\u00fcr alle Hunde geeignet!<br \/>\n100% BIO Baumwolle. Robust und sorgf\u00e4ltig verarbeitet. Garantiert lange Spielfreude.<\/p>\n<p>Standard 100 by Oeko-Tex<\/p>\n<p>&#8212;&#8212;&#8212;&#8212;&#8212;&#8212;&#8212;&#8212;&#8212;&#8212;&#8212;&#8212;&#8212;&#8212;&#8212;&#8212;&#8212;&#8212;&#8212;&#8212;&#8212;&#8212;&#8212;&#8212;&#8212;&#8212;&#8212;-<\/p>\n<p>Johnnie&#8217;s Sniffing Rug, approx. 40x40cm<\/p>\n<p>Your dog will love it!<br \/>\nMade from high-quality cotton, the Johnnies Sniffer Rug offers the ultimate gaming experience. As a perfect complement to our Johnnies dry food, this can be hidden in it and your four-legged friend will have fun sniffing out the treats.<br \/>\nThe challenging task appeals to your pet&#8217;s instincts and promotes their sense of smell, mental fitness and mental agility. In addition, it prevents food from being devoured too quickly.<\/p>\n<p>Suitable for all dogs!<br \/>\n100% organic cotton. Robust and carefully crafted. Guaranteed long playing pleasure.<\/p>\n<p>Standard 100 by Oeko-Tex<\/p>\n","protected":false},"excerpt":{"rendered":"<p>Halloweenaktion !<\/p>\n","protected":false},"featured_media":254,"template":"","meta":[],"product_cat":[34],"product_tag":[],"class_list":{"0":"post-253","1":"product","2":"type-product","3":"status-publish","4":"has-post-thumbnail","6":"product_cat-autos-und-fahrzeuge","8":"first","9":"instock","10":"taxable","11":"shipping-taxable","12":"purchasable","13":"product-type-simple"},"_links":{"self":[{"href":"https:\/\/actionmall.act.at\/shop\/663\/en\/wp-json\/wp\/v2\/product\/253"}],"collection":[{"href":"https:\/\/actionmall.act.at\/shop\/663\/en\/wp-json\/wp\/v2\/product"}],"about":[{"href":"https:\/\/actionmall.act.at\/shop\/663\/en\/wp-json\/wp\/v2\/types\/product"}],"wp:featuredmedia":[{"embeddable":true,"href":"https:\/\/actionmall.act.at\/shop\/663\/en\/wp-json\/wp\/v2\/media\/254"}],"wp:attachment":[{"href":"https:\/\/actionmall.act.at\/shop\/663\/en\/wp-json\/wp\/v2\/media?parent=253"}],"wp:term":[{"taxonomy":"product_cat","embeddable":true,"href":"https:\/\/actionmall.act.at\/shop\/663\/en\/wp-json\/wp\/v2\/product_cat?post=253"},{"taxonomy":"product_tag","embeddable":true,"href":"https:\/\/actionmall.act.at\/shop\/663\/en\/wp-json\/wp\/v2\/product_tag?post=253"}],"curies":[{"name":"wp","href":"https:\/\/api.w.org\/{rel}","templated":true}]}}