{"id":291,"date":"2025-03-10T14:42:56","date_gmt":"2025-03-10T13:42:56","guid":{"rendered":"https:\/\/actionmall.act.at\/shop\/663\/?post_type=product&#038;p=291"},"modified":"2026-03-16T10:48:41","modified_gmt":"2026-03-16T09:48:41","slug":"johnnies-schnueffelball-20cm","status":"publish","type":"product","link":"https:\/\/actionmall.act.at\/shop\/663\/en\/produkt\/johnnies-schnueffelball-20cm\/","title":{"rendered":"Johnnies Schn\u00fcffelball, 20cm"},"content":{"rendered":"<p>Johnnies Schn\u00fcfelball, 20cm<\/p>\n<p>Spiel und Spa\u00df f\u00fcr unterwegs verspricht Johnnies Schn\u00fcffelball.<br \/>\nTrockenfutter oder Leckerlis k\u00f6nnen in den widerstandsf\u00e4higen Fransen versteckt werden und bieten so eine raffinierte Schn\u00fcffel-Herausforderung f\u00fcr Ihren Vierbeiner.<br \/>\nOb im Urlaub oder im B\u00fcro, der aus BIO Baumwolle bestehende Johnnies Schn\u00fcffelball kann \u00fcberallhin mitgenommen werden.<br \/>\n\u00dcberdies wirkt die schmackhafte Ablenkung beruhigend in Stresssituationen. Das originelle Spielzeug, auf das Ihr Liebling gewartet hat!<\/p>\n<p>F\u00fcr alle Hunde geeignet!<br \/>\n100% BIO Baumwolle. Robust und sorgf\u00e4ltig verarbeitet. Garantiert lange Spielfreude.<\/p>\n<p>Standard 100 by Oeko-Tex<br \/>\n&#8212;&#8212;&#8212;&#8212;&#8212;&#8212;&#8212;&#8212;&#8212;&#8212;&#8212;&#8212;&#8212;&#8212;&#8212;&#8212;&#8212;&#8212;&#8212;&#8212;&#8212;&#8212;&#8212;&#8212;&#8212;&#8212;&#8212;&#8212;&#8212;&#8212;&#8212;&#8212;&#8212;&#8211;<br \/>\nJohnnies Schn\u00fcelball, 20cm<br \/>\nJohnnie&#8217;s sniffer ball promises fun and games on the go.<br \/>\nDry food or treats can be hidden in the resistant fringes and thus offer a clever sniffing challenge for your four-legged friend.<br \/>\nWhether on vacation or in the office, the Johnnies Sniffer Ball, made of organic cotton, can be taken anywhere. In addition, the tasty distraction has a calming effect in stressful situations.<br \/>\nThe original toy your darling has been waiting for!<\/p>\n<p>Suitable for all dogs!<br \/>\n100% organic cotton. Robust and carefully crafted. Guaranteed long playing pleasure.<\/p>\n<p>Standard 100 by Oeko-Tex<\/p>\n","protected":false},"excerpt":{"rendered":"<p>Johnnies Schn\u00fcfelball, 20cm Spiel und Spa\u00df f\u00fcr unterwegs verspricht Johnnies Schn\u00fcffelball. Trockenfutter oder Leckerlis k\u00f6nnen in den widerstandsf\u00e4higen Fransen versteckt werden und bieten so eine raffinierte Schn\u00fcffel-Herausforderung f\u00fcr Ihren Vierbeiner. Ob im Urlaub oder im B\u00fcro, der aus BIO Baumwolle bestehende Johnnies Schn\u00fcffelball kann \u00fcberallhin mitgenommen werden. \u00dcberdies wirkt die schmackhafte Ablenkung beruhigend in Stresssituationen. [&hellip;]<\/p>\n","protected":false},"featured_media":292,"template":"","meta":[],"product_cat":[34],"product_tag":[],"class_list":{"0":"post-291","1":"product","2":"type-product","3":"status-publish","4":"has-post-thumbnail","6":"product_cat-autos-und-fahrzeuge","8":"first","9":"instock","10":"taxable","11":"shipping-taxable","12":"purchasable","13":"product-type-simple"},"_links":{"self":[{"href":"https:\/\/actionmall.act.at\/shop\/663\/en\/wp-json\/wp\/v2\/product\/291"}],"collection":[{"href":"https:\/\/actionmall.act.at\/shop\/663\/en\/wp-json\/wp\/v2\/product"}],"about":[{"href":"https:\/\/actionmall.act.at\/shop\/663\/en\/wp-json\/wp\/v2\/types\/product"}],"wp:featuredmedia":[{"embeddable":true,"href":"https:\/\/actionmall.act.at\/shop\/663\/en\/wp-json\/wp\/v2\/media\/292"}],"wp:attachment":[{"href":"https:\/\/actionmall.act.at\/shop\/663\/en\/wp-json\/wp\/v2\/media?parent=291"}],"wp:term":[{"taxonomy":"product_cat","embeddable":true,"href":"https:\/\/actionmall.act.at\/shop\/663\/en\/wp-json\/wp\/v2\/product_cat?post=291"},{"taxonomy":"product_tag","embeddable":true,"href":"https:\/\/actionmall.act.at\/shop\/663\/en\/wp-json\/wp\/v2\/product_tag?post=291"}],"curies":[{"name":"wp","href":"https:\/\/api.w.org\/{rel}","templated":true}]}}