{"id":345,"date":"2025-03-10T14:42:57","date_gmt":"2025-03-10T13:42:57","guid":{"rendered":"https:\/\/actionmall.act.at\/shop\/663\/?post_type=product&#038;p=345"},"modified":"2026-02-09T11:54:30","modified_gmt":"2026-02-09T10:54:30","slug":"fressnapf-keramik-rot-12cm","status":"publish","type":"product","link":"https:\/\/actionmall.act.at\/shop\/663\/en\/produkt\/fressnapf-keramik-rot-12cm\/","title":{"rendered":"Fressnapf Keramik, rot 12cm"},"content":{"rendered":"<p>Die Leckerlis werden mit viel frischem Fleisch, Gem\u00fcse und Kr\u00e4utern gebacken<\/p>\n<p>Produktinformationen:<\/p>\n<p>Leckerlis in BIO-Qualit\u00e4t als Erg\u00e4nzung f\u00fcr alle Hunde aller Gr\u00f6\u00dfen und Rassen mit hohem Fleischanteil und hochwertigen Zutaten aus artgerechter Tierhaltung. Garantiert getreidefrei! Die leckeren, vollwertigen und abwechslungsreichen Hundesnacks und Leckerlis sind ohne Zus\u00e4tze wie k\u00fcnstliche Vitamine, F\u00fcllstoffe, Bindemittel oder Tiermehle.<br \/>\nInhaltsstoffe: Protein 21%, Fettgehalt 5%, Rohfaser 3%, anorganische Stoffe 8%<br \/>\n___________________________________________________________________________________________________________________________________________________________________________________________________________________________________________________________________________<br \/>\nThe treats are baked with plenty of fresh meat, vegetables, and herbs.<\/p>\n<p>Product Information:<\/p>\n<p>Organic quality treats as a supplement for dogs of all sizes and breeds, with a high meat content and premium ingredients from species-appropriate animal husbandry. Guaranteed grain-free! These delicious, wholesome, and varied dog snacks and treats are free from additives such as artificial vitamins, fillers, binders, or animal meals.<br \/>\nIngredients:<br \/>\nProtein: 21%<br \/>\nFat content: 5%<br \/>\nCrude fiber: 3%<br \/>\nInorganic substances: 8%<\/p>\n","protected":false},"excerpt":{"rendered":"<p>Die Leckerlis werden mit viel frischem Fleisch, Gem\u00fcse und Kr\u00e4utern gebacken Produktinformationen: Leckerlis in BIO-Qualit\u00e4t als Erg\u00e4nzung f\u00fcr alle Hunde aller Gr\u00f6\u00dfen und Rassen mit hohem Fleischanteil und hochwertigen Zutaten aus artgerechter Tierhaltung. Garantiert getreidefrei! Die leckeren, vollwertigen und abwechslungsreichen Hundesnacks und Leckerlis sind ohne Zus\u00e4tze wie k\u00fcnstliche Vitamine, F\u00fcllstoffe, Bindemittel oder Tiermehle. Inhaltsstoffe: Protein [&hellip;]<\/p>\n","protected":false},"featured_media":359,"template":"","meta":[],"product_cat":[],"product_tag":[],"class_list":{"0":"post-345","1":"product","2":"type-product","3":"status-publish","4":"has-post-thumbnail","7":"first","8":"instock","9":"taxable","10":"shipping-taxable","11":"purchasable","12":"product-type-simple"},"_links":{"self":[{"href":"https:\/\/actionmall.act.at\/shop\/663\/en\/wp-json\/wp\/v2\/product\/345"}],"collection":[{"href":"https:\/\/actionmall.act.at\/shop\/663\/en\/wp-json\/wp\/v2\/product"}],"about":[{"href":"https:\/\/actionmall.act.at\/shop\/663\/en\/wp-json\/wp\/v2\/types\/product"}],"wp:featuredmedia":[{"embeddable":true,"href":"https:\/\/actionmall.act.at\/shop\/663\/en\/wp-json\/wp\/v2\/media\/359"}],"wp:attachment":[{"href":"https:\/\/actionmall.act.at\/shop\/663\/en\/wp-json\/wp\/v2\/media?parent=345"}],"wp:term":[{"taxonomy":"product_cat","embeddable":true,"href":"https:\/\/actionmall.act.at\/shop\/663\/en\/wp-json\/wp\/v2\/product_cat?post=345"},{"taxonomy":"product_tag","embeddable":true,"href":"https:\/\/actionmall.act.at\/shop\/663\/en\/wp-json\/wp\/v2\/product_tag?post=345"}],"curies":[{"name":"wp","href":"https:\/\/api.w.org\/{rel}","templated":true}]}}