{"id":348,"date":"2025-03-10T14:42:57","date_gmt":"2025-03-10T13:42:57","guid":{"rendered":"https:\/\/actionmall.act.at\/shop\/663\/?post_type=product&#038;p=348"},"modified":"2026-03-16T10:51:55","modified_gmt":"2026-03-16T09:51:55","slug":"hundebuerste-fellwunder","status":"publish","type":"product","link":"https:\/\/actionmall.act.at\/shop\/663\/en\/produkt\/hundebuerste-fellwunder\/","title":{"rendered":"Hundeb\u00fcrste &#8220;Fellwunder&#8221;"},"content":{"rendered":"<p>Mindestbestellmenge: 1 Stk<\/p>\n<p>Zupfb\u00fcrste mit Edelstahl und abgewinkelten Drahtstiften aus 100% recyceltem Polypropylen; Farbe: rot\/schwarz<\/p>\n<p>Produktinformationen:<\/p>\n<p>Perfekt f\u00fcr langhaarige oder kurzhaarige Hunde und Welpen. Geeignet f\u00fcr dickes oder gelocktes Fell.<\/p>\n<p>Einfache Reinigung: Durch einfaches Dr\u00fccken des Reinigungsknopfes lassen sich die Haare schnell und unkompliziert von der B\u00fcrste abstreifen. Und die B\u00fcrste ist so gut wie neu.<\/p>\n<p>Das Produkt hilft bei der Erh\u00f6hung der Blutzirkulation nach der Pflege und l\u00e4sst das Fell Ihres Lieblings weich und glatt werden.<\/p>\n<p>Unser Fellpflege-Wunder ist speziell mit einem Komfort-Griff und Anti-Rutsch-Griff versehen, die die Hand-und Handgelenk-Belastung verhindert, egal wie lange Sie Ihr Haustier Pflegen.<\/p>\n<p>&#8212;&#8212;&#8212;&#8212;&#8212;&#8212;&#8212;&#8212;&#8212;&#8212;&#8212;&#8212;&#8212;<\/p>\n<p>Minimum order quantity: 1 piece<\/p>\n<p>Slicker brush with stainless steel and angled wire pins made from 100% recycled polypropylene; Color: red\/black<\/p>\n<p>Product information:<\/p>\n<p>Perfect for long-haired or short-haired dogs and puppies. Suitable for thick or curly fur.<\/p>\n<p>Easy to clean: By simply pressing the cleaning button, the hair can be quickly and easily removed from the brush. And the brush is as good as new.<\/p>\n<p>The product helps increase blood circulation after grooming and leaves your pet&#8217;s coat soft and smooth.<\/p>\n<p>Our grooming wonder is specially designed with a comfort grip and anti-slip grip that prevents hand and wrist strain no matter how long you groom your pet.<\/p>\n","protected":false},"excerpt":{"rendered":"<p>Mindestbestellmenge: 1 Stk Zupfb\u00fcrste mit Edelstahl und abgewinkelten Drahtstiften aus 100% recyceltem Polypropylen; Farbe: rot\/schwarz Produktinformationen: Perfekt f\u00fcr langhaarige oder kurzhaarige Hunde und Welpen. Geeignet f\u00fcr dickes oder gelocktes Fell. Einfache Reinigung: Durch einfaches Dr\u00fccken des Reinigungsknopfes lassen sich die Haare schnell und unkompliziert von der B\u00fcrste abstreifen. Und die B\u00fcrste ist so gut wie [&hellip;]<\/p>\n","protected":false},"featured_media":361,"template":"","meta":[],"product_cat":[34],"product_tag":[],"class_list":{"0":"post-348","1":"product","2":"type-product","3":"status-publish","4":"has-post-thumbnail","6":"product_cat-autos-und-fahrzeuge","8":"first","9":"instock","10":"taxable","11":"shipping-taxable","12":"purchasable","13":"product-type-simple"},"_links":{"self":[{"href":"https:\/\/actionmall.act.at\/shop\/663\/en\/wp-json\/wp\/v2\/product\/348"}],"collection":[{"href":"https:\/\/actionmall.act.at\/shop\/663\/en\/wp-json\/wp\/v2\/product"}],"about":[{"href":"https:\/\/actionmall.act.at\/shop\/663\/en\/wp-json\/wp\/v2\/types\/product"}],"wp:featuredmedia":[{"embeddable":true,"href":"https:\/\/actionmall.act.at\/shop\/663\/en\/wp-json\/wp\/v2\/media\/361"}],"wp:attachment":[{"href":"https:\/\/actionmall.act.at\/shop\/663\/en\/wp-json\/wp\/v2\/media?parent=348"}],"wp:term":[{"taxonomy":"product_cat","embeddable":true,"href":"https:\/\/actionmall.act.at\/shop\/663\/en\/wp-json\/wp\/v2\/product_cat?post=348"},{"taxonomy":"product_tag","embeddable":true,"href":"https:\/\/actionmall.act.at\/shop\/663\/en\/wp-json\/wp\/v2\/product_tag?post=348"}],"curies":[{"name":"wp","href":"https:\/\/api.w.org\/{rel}","templated":true}]}}