{"id":368,"date":"2025-03-10T14:42:54","date_gmt":"2025-03-10T13:42:54","guid":{"rendered":"https:\/\/actionmall.act.at\/shop\/663\/?post_type=product&#038;p=368"},"modified":"2026-03-16T10:50:44","modified_gmt":"2026-03-16T09:50:44","slug":"schlafset-traumland-deluxe","status":"publish","type":"product","link":"https:\/\/actionmall.act.at\/shop\/663\/en\/produkt\/schlafset-traumland-deluxe\/","title":{"rendered":"Kuscheldecke Traumland, Deluxe"},"content":{"rendered":"<p>Mit diesem Johnnies-Deluxepaket er\u00f6ffnen Sie Ihrem besten Freund das Schlafgemach seiner Tr\u00e4ume. Die orthop\u00e4dische Memory-Schaumstoff-Matratze wird an die Johnnies Hundek\u00f6rbe \u201cNoah\u201c, \u201cAmy\u201c und \u201cMarley\u201c ma\u00dfangepasst, schmiegt sich an die bevorzugte Kuschelposition Ihres Lieblings an. Als absolutes Highlight erhalten Sie\u00a0in diesem Paket ein personalisiertes Kissen in Knochenform, das mit\u00a0bis zu 30 Zeichen lang mit dem Namen Ihres Lieblings bestickt wird. Das \u201cPlatzerl\u201d wird so zum absoluten Hingucker. Dazu gibt es eine Johnnies-Fleecedecke f\u00fcr unterwegs<\/p>\n<p>Pflegehinweis: Der hochwertige \u00dcberzug aus Oxford-Baumwolle ist einfach zu reinigen und bis zu 50\u00b0 waschmaschinenfest.<\/p>\n","protected":false},"excerpt":{"rendered":"<p>Mit diesem Johnnies-Deluxepaket er\u00f6ffnen Sie Ihrem besten Freund das Schlafgemach seiner Tr\u00e4ume. Die orthop\u00e4dische Memory-Schaumstoff-Matratze wird an die Johnnies Hundek\u00f6rbe \u201cNoah\u201c, \u201cAmy\u201c und \u201cMarley\u201c ma\u00dfangepasst, schmiegt sich an die bevorzugte Kuschelposition Ihres Lieblings an. Als absolutes Highlight erhalten Sie\u00a0in diesem Paket ein personalisiertes Kissen in Knochenform, das mit\u00a0bis zu 30 Zeichen lang mit dem Namen [&hellip;]<\/p>\n","protected":false},"featured_media":382,"template":"","meta":[],"product_cat":[34],"product_tag":[],"class_list":{"0":"post-368","1":"product","2":"type-product","3":"status-publish","4":"has-post-thumbnail","6":"product_cat-autos-und-fahrzeuge","8":"first","9":"instock","10":"taxable","11":"shipping-taxable","12":"purchasable","13":"product-type-simple"},"_links":{"self":[{"href":"https:\/\/actionmall.act.at\/shop\/663\/en\/wp-json\/wp\/v2\/product\/368"}],"collection":[{"href":"https:\/\/actionmall.act.at\/shop\/663\/en\/wp-json\/wp\/v2\/product"}],"about":[{"href":"https:\/\/actionmall.act.at\/shop\/663\/en\/wp-json\/wp\/v2\/types\/product"}],"wp:featuredmedia":[{"embeddable":true,"href":"https:\/\/actionmall.act.at\/shop\/663\/en\/wp-json\/wp\/v2\/media\/382"}],"wp:attachment":[{"href":"https:\/\/actionmall.act.at\/shop\/663\/en\/wp-json\/wp\/v2\/media?parent=368"}],"wp:term":[{"taxonomy":"product_cat","embeddable":true,"href":"https:\/\/actionmall.act.at\/shop\/663\/en\/wp-json\/wp\/v2\/product_cat?post=368"},{"taxonomy":"product_tag","embeddable":true,"href":"https:\/\/actionmall.act.at\/shop\/663\/en\/wp-json\/wp\/v2\/product_tag?post=368"}],"curies":[{"name":"wp","href":"https:\/\/api.w.org\/{rel}","templated":true}]}}