{"id":395,"date":"2025-03-10T14:42:54","date_gmt":"2025-03-10T13:42:54","guid":{"rendered":"https:\/\/actionmall.act.at\/shop\/663\/?post_type=product&#038;p=395"},"modified":"2026-02-06T10:01:39","modified_gmt":"2026-02-06T09:01:39","slug":"hundekorb-marley-aus-hanfweide","status":"publish","type":"product","link":"https:\/\/actionmall.act.at\/shop\/663\/en\/produkt\/hundekorb-marley-aus-hanfweide\/","title":{"rendered":"Hundekorb &#8220;Marley&#8221; aus Hanfweide"},"content":{"rendered":"<p>Dieser Hundekorb, aus \u00f6sterreichischer Hanfweide gefertigt, bildet die perfekte Basis f\u00fcr das neue Zuhause Ihres Lieblings. Der Korb, in gewohnter hochwertiger Johnnies-Qualit\u00e4t, wird in Handarbeit hergestellt. Damit ist jeder Korb ein Unikat. Die Matratze ist im Lieferumfang nicht enthalten.<\/p>\n<p>Ma\u00dfe: 100 x 80 cm<\/p>\n","protected":false},"excerpt":{"rendered":"<p>Dieser Hundekorb, aus \u00f6sterreichischer Hanfweide gefertigt, bildet die perfekte Basis f\u00fcr das neue Zuhause Ihres Lieblings. Der Korb, in gewohnter hochwertiger Johnnies-Qualit\u00e4t, wird in Handarbeit hergestellt. Damit ist jeder Korb ein Unikat. Die Matratze ist im Lieferumfang nicht enthalten. Ma\u00dfe: 100 x 80 cm<\/p>\n","protected":false},"featured_media":396,"template":"","meta":[],"product_cat":[],"product_tag":[],"class_list":{"0":"post-395","1":"product","2":"type-product","3":"status-publish","4":"has-post-thumbnail","7":"first","8":"instock","9":"taxable","10":"shipping-taxable","11":"purchasable","12":"product-type-simple"},"_links":{"self":[{"href":"https:\/\/actionmall.act.at\/shop\/663\/en\/wp-json\/wp\/v2\/product\/395"}],"collection":[{"href":"https:\/\/actionmall.act.at\/shop\/663\/en\/wp-json\/wp\/v2\/product"}],"about":[{"href":"https:\/\/actionmall.act.at\/shop\/663\/en\/wp-json\/wp\/v2\/types\/product"}],"wp:featuredmedia":[{"embeddable":true,"href":"https:\/\/actionmall.act.at\/shop\/663\/en\/wp-json\/wp\/v2\/media\/396"}],"wp:attachment":[{"href":"https:\/\/actionmall.act.at\/shop\/663\/en\/wp-json\/wp\/v2\/media?parent=395"}],"wp:term":[{"taxonomy":"product_cat","embeddable":true,"href":"https:\/\/actionmall.act.at\/shop\/663\/en\/wp-json\/wp\/v2\/product_cat?post=395"},{"taxonomy":"product_tag","embeddable":true,"href":"https:\/\/actionmall.act.at\/shop\/663\/en\/wp-json\/wp\/v2\/product_tag?post=395"}],"curies":[{"name":"wp","href":"https:\/\/api.w.org\/{rel}","templated":true}]}}