{"id":735,"date":"2025-03-10T14:42:52","date_gmt":"2025-03-10T13:42:52","guid":{"rendered":"https:\/\/actionmall.act.at\/shop\/663\/?post_type=product&#038;p=735"},"modified":"2026-03-16T11:05:02","modified_gmt":"2026-03-16T10:05:02","slug":"bio-lammlunge-250g","status":"publish","type":"product","link":"https:\/\/actionmall.act.at\/shop\/663\/en\/produkt\/bio-lammlunge-250g\/","title":{"rendered":"BIO Lammlunge, 250g"},"content":{"rendered":"<p>Leckerlis in BIO-Qualit\u00e4t als Erg\u00e4nzung f\u00fcr alle Hunde aller Gr\u00f6\u00dfen und Rassen mit hohem Fleischanteil und hochwertigen Zutaten aus artgerechter Tierhaltung. Garantiert getreidefrei! Die leckeren, vollwertigen und abwechslungsreichen Hundesnacks und Leckerlis sind ohne Zus\u00e4tze wie k\u00fcnstliche Vitamine, F\u00fcllstoffe, Bindemittel oder Tiermehle<br \/>\nOhne chemische Zusatzstoffe | 100 % reines Naturprodukt nat\u00fcrlich schonend getrocknet !<br \/>\n___________________________________________________________________________________________________________________________________________________________________________________________________________________________________________________________________________<br \/>\nOrganic quality treats as a supplement for dogs of all sizes and breeds, with a high meat content and high-quality ingredients from species-appropriate animal husbandry. Guaranteed grain-free! These delicious, wholesome, and varied dog snacks and treats are free from additives such as artificial vitamins, fillers, binders, or animal meals.<br \/>\nNo chemical additives | 100% pure natural product, naturally gently dried!<\/p>\n","protected":false},"excerpt":{"rendered":"<p>Leckerlis in BIO-Qualit\u00e4t als Erg\u00e4nzung f\u00fcr alle Hunde aller Gr\u00f6\u00dfen und Rassen mit hohem Fleischanteil und hochwertigen Zutaten aus artgerechter Tierhaltung. Garantiert getreidefrei! Die leckeren, vollwertigen und abwechslungsreichen Hundesnacks und Leckerlis sind ohne Zus\u00e4tze wie k\u00fcnstliche Vitamine, F\u00fcllstoffe, Bindemittel oder Tiermehle Ohne chemische Zusatzstoffe | 100 % reines Naturprodukt nat\u00fcrlich schonend getrocknet ! ___________________________________________________________________________________________________________________________________________________________________________________________________________________________________________________________________________ Organic [&hellip;]<\/p>\n","protected":false},"featured_media":736,"template":"","meta":[],"product_cat":[34],"product_tag":[],"class_list":{"0":"post-735","1":"product","2":"type-product","3":"status-publish","4":"has-post-thumbnail","6":"product_cat-autos-und-fahrzeuge","8":"first","9":"instock","10":"taxable","11":"shipping-taxable","12":"purchasable","13":"product-type-simple"},"_links":{"self":[{"href":"https:\/\/actionmall.act.at\/shop\/663\/en\/wp-json\/wp\/v2\/product\/735"}],"collection":[{"href":"https:\/\/actionmall.act.at\/shop\/663\/en\/wp-json\/wp\/v2\/product"}],"about":[{"href":"https:\/\/actionmall.act.at\/shop\/663\/en\/wp-json\/wp\/v2\/types\/product"}],"wp:featuredmedia":[{"embeddable":true,"href":"https:\/\/actionmall.act.at\/shop\/663\/en\/wp-json\/wp\/v2\/media\/736"}],"wp:attachment":[{"href":"https:\/\/actionmall.act.at\/shop\/663\/en\/wp-json\/wp\/v2\/media?parent=735"}],"wp:term":[{"taxonomy":"product_cat","embeddable":true,"href":"https:\/\/actionmall.act.at\/shop\/663\/en\/wp-json\/wp\/v2\/product_cat?post=735"},{"taxonomy":"product_tag","embeddable":true,"href":"https:\/\/actionmall.act.at\/shop\/663\/en\/wp-json\/wp\/v2\/product_tag?post=735"}],"curies":[{"name":"wp","href":"https:\/\/api.w.org\/{rel}","templated":true}]}}