{"id":741,"date":"2025-03-10T14:42:53","date_gmt":"2025-03-10T13:42:53","guid":{"rendered":"https:\/\/actionmall.act.at\/shop\/663\/?post_type=product&#038;p=741"},"modified":"2026-03-16T11:00:24","modified_gmt":"2026-03-16T10:00:24","slug":"bio-vollwert-leckerli-500g","status":"publish","type":"product","link":"https:\/\/actionmall.act.at\/shop\/663\/en\/produkt\/bio-vollwert-leckerli-500g\/","title":{"rendered":"BIO Vollwert Leckerli 500g"},"content":{"rendered":"<p>Die Leckerlis werden mit viel frischem Fleisch, Gem\u00fcse und Kr\u00e4utern gebacken<br \/>\nProduktinformationen:<br \/>\nLeckerlis in BIO-Qualit\u00e4t als Erg\u00e4nzung mit hohem Fleischanteil und hochwertigen Zutaten aus artgerechter Tierhaltung. F\u00fcr alle Hunde aller Gr\u00f6\u00dfen und Rassen geeignet . Garantiert getreidefrei! Die leckeren, vollwertigen und abwechslungsreichen Hundesnacks und Leckerlis sind ohne Zus\u00e4tze wie k\u00fcnstliche Vitamine, F\u00fcllstoffe, Bindemittel oder Tiermehle.<br \/>\nInhaltsstoffe: Rohprotein 12,7 %, Rohfett 5,0 %, Rohasche 4,1 %, Rohfaser 1,7 %, Feuchtigkeit 29,5 %.<br \/>\n___________________________________________________________________________________________________________________________________________________________________________________________________________________________________________________________________________<br \/>\nThe treats are baked with plenty of fresh meat, vegetables, and herbs.<\/p>\n<p>Product Information: Organic quality treats with a high meat content and premium ingredients from species-appropriate animal husbandry. Suitable for dogs of all sizes and breeds. Guaranteed grain-free! These delicious, wholesome, and varied dog snacks and treats are free from additives such as artificial vitamins, fillers, binders, or animal meals.<br \/>\nIngredients:<br \/>\nCrude protein: 12.7%<br \/>\nCrude fat: 5.0%<br \/>\nCrude ash: 4.1%<br \/>\nCrude fiber: 1.7%<br \/>\nMoisture: 29.5%<\/p>\n","protected":false},"excerpt":{"rendered":"<p>Die Leckerlis werden mit viel frischem Fleisch, Gem\u00fcse und Kr\u00e4utern gebacken Produktinformationen: Leckerlis in BIO-Qualit\u00e4t als Erg\u00e4nzung mit hohem Fleischanteil und hochwertigen Zutaten aus artgerechter Tierhaltung. F\u00fcr alle Hunde aller Gr\u00f6\u00dfen und Rassen geeignet . Garantiert getreidefrei! Die leckeren, vollwertigen und abwechslungsreichen Hundesnacks und Leckerlis sind ohne Zus\u00e4tze wie k\u00fcnstliche Vitamine, F\u00fcllstoffe, Bindemittel oder Tiermehle. [&hellip;]<\/p>\n","protected":false},"featured_media":6077,"template":"","meta":[],"product_cat":[34],"product_tag":[],"class_list":{"0":"post-741","1":"product","2":"type-product","3":"status-publish","4":"has-post-thumbnail","6":"product_cat-autos-und-fahrzeuge","8":"first","9":"instock","10":"taxable","11":"shipping-taxable","12":"purchasable","13":"product-type-simple"},"_links":{"self":[{"href":"https:\/\/actionmall.act.at\/shop\/663\/en\/wp-json\/wp\/v2\/product\/741"}],"collection":[{"href":"https:\/\/actionmall.act.at\/shop\/663\/en\/wp-json\/wp\/v2\/product"}],"about":[{"href":"https:\/\/actionmall.act.at\/shop\/663\/en\/wp-json\/wp\/v2\/types\/product"}],"wp:featuredmedia":[{"embeddable":true,"href":"https:\/\/actionmall.act.at\/shop\/663\/en\/wp-json\/wp\/v2\/media\/6077"}],"wp:attachment":[{"href":"https:\/\/actionmall.act.at\/shop\/663\/en\/wp-json\/wp\/v2\/media?parent=741"}],"wp:term":[{"taxonomy":"product_cat","embeddable":true,"href":"https:\/\/actionmall.act.at\/shop\/663\/en\/wp-json\/wp\/v2\/product_cat?post=741"},{"taxonomy":"product_tag","embeddable":true,"href":"https:\/\/actionmall.act.at\/shop\/663\/en\/wp-json\/wp\/v2\/product_tag?post=741"}],"curies":[{"name":"wp","href":"https:\/\/api.w.org\/{rel}","templated":true}]}}