{"id":746,"date":"2025-03-10T14:42:53","date_gmt":"2025-03-10T13:42:53","guid":{"rendered":"https:\/\/actionmall.act.at\/shop\/663\/?post_type=product&#038;p=746"},"modified":"2026-03-16T11:01:12","modified_gmt":"2026-03-16T10:01:12","slug":"bio-wuerstchen-rind-500g-100-x-5g","status":"publish","type":"product","link":"https:\/\/actionmall.act.at\/shop\/663\/en\/produkt\/bio-wuerstchen-rind-500g-100-x-5g\/","title":{"rendered":"BIO W\u00fcrstchen Rind 500g (100 x 5g)"},"content":{"rendered":"<p>Das Kraftpaket des Hundefutters. Wirkt wie ein<\/p>\n<p>Leckerli, ist aber ein komplettes Essen Die optimale<\/p>\n<p>Portionsgr\u00f6\u00dfe f\u00fcr zwischendurch und unterwegs.<\/p>\n<p>Nat\u00fcrlich in Johnnie \u0301s bew\u00e4hrter Bio-Premium-<\/p>\n<p>Qualit\u00e4t.<\/p>\n<p>Die Bio-Wurst wird aus feinsten Rindfleischst\u00fccken<\/p>\n<p>hergestellt und schonend verarbeitet.<\/p>\n","protected":false},"excerpt":{"rendered":"<p>Das Kraftpaket des Hundefutters. Wirkt wie ein Leckerli, ist aber ein komplettes Essen Die optimale Portionsgr\u00f6\u00dfe f\u00fcr zwischendurch und unterwegs. Nat\u00fcrlich in Johnnie \u0301s bew\u00e4hrter Bio-Premium- Qualit\u00e4t. Die Bio-Wurst wird aus feinsten Rindfleischst\u00fccken hergestellt und schonend verarbeitet.<\/p>\n","protected":false},"featured_media":749,"template":"","meta":[],"product_cat":[34],"product_tag":[],"class_list":{"0":"post-746","1":"product","2":"type-product","3":"status-publish","4":"has-post-thumbnail","6":"product_cat-autos-und-fahrzeuge","8":"first","9":"instock","10":"taxable","11":"shipping-taxable","12":"purchasable","13":"product-type-simple"},"_links":{"self":[{"href":"https:\/\/actionmall.act.at\/shop\/663\/en\/wp-json\/wp\/v2\/product\/746"}],"collection":[{"href":"https:\/\/actionmall.act.at\/shop\/663\/en\/wp-json\/wp\/v2\/product"}],"about":[{"href":"https:\/\/actionmall.act.at\/shop\/663\/en\/wp-json\/wp\/v2\/types\/product"}],"wp:featuredmedia":[{"embeddable":true,"href":"https:\/\/actionmall.act.at\/shop\/663\/en\/wp-json\/wp\/v2\/media\/749"}],"wp:attachment":[{"href":"https:\/\/actionmall.act.at\/shop\/663\/en\/wp-json\/wp\/v2\/media?parent=746"}],"wp:term":[{"taxonomy":"product_cat","embeddable":true,"href":"https:\/\/actionmall.act.at\/shop\/663\/en\/wp-json\/wp\/v2\/product_cat?post=746"},{"taxonomy":"product_tag","embeddable":true,"href":"https:\/\/actionmall.act.at\/shop\/663\/en\/wp-json\/wp\/v2\/product_tag?post=746"}],"curies":[{"name":"wp","href":"https:\/\/api.w.org\/{rel}","templated":true}]}}