{"id":754,"date":"2025-03-10T14:42:53","date_gmt":"2025-03-10T13:42:53","guid":{"rendered":"https:\/\/actionmall.act.at\/shop\/663\/?post_type=product&#038;p=754"},"modified":"2026-03-16T11:28:34","modified_gmt":"2026-03-16T10:28:34","slug":"bio-lammpansen-250g","status":"publish","type":"product","link":"https:\/\/actionmall.act.at\/shop\/663\/en\/produkt\/bio-lammpansen-250g\/","title":{"rendered":"BIO Lammpansen, 250g"},"content":{"rendered":"<p>Leckerlis in BIO-Qualit\u00e4t als Erg\u00e4nzung f\u00fcr alle Hunde aller Gr\u00f6\u00dfen und Rassen mit hohem Fleischanteil und hochwertigen Zutaten aus artgerechter Tierhaltung. Garantiert getreidefrei! Die leckeren, vollwertigen und abwechslungsreichen Hundesnacks und Leckerlis sind ohne Zus\u00e4tze wie k\u00fcnstliche Vitamine, F\u00fcllstoffe, Bindemittel oder Tiermehle<br \/>\nInhaltsstoffe:<br \/>\nProtein: 64,8% Rohfett: 17,5% Rohasche: 7,2% Rohfaser: 2,3% Feuchtigkeit am Abf\u00fclltag: 5,4%<br \/>\n__________________________________________________________________________________________________________<br \/>\nTreats in organic quality as a supplement for dogs of all sizes and breeds, with a high meat content and high-quality ingredients from species-appropriate animal husbandry. Guaranteed grain-free! The delicious, wholesome, and varied dog snacks and treats are free from additives such as artificial vitamins, fillers, binders, or animal meals.<br \/>\nIngredients:<br \/>\nProtein: 64.8%<br \/>\nCrude Fat: 17.5%<br \/>\nCrude Ash: 7.2%<br \/>\nCrude Fiber: 2.3%<br \/>\nMoisture on packaging day: 5.4%<\/p>\n","protected":false},"excerpt":{"rendered":"<p>Leckerlis in BIO-Qualit\u00e4t als Erg\u00e4nzung f\u00fcr alle Hunde aller Gr\u00f6\u00dfen und Rassen mit hohem Fleischanteil und hochwertigen Zutaten aus artgerechter Tierhaltung. Garantiert getreidefrei! Die leckeren, vollwertigen und abwechslungsreichen Hundesnacks und Leckerlis sind ohne Zus\u00e4tze wie k\u00fcnstliche Vitamine, F\u00fcllstoffe, Bindemittel oder Tiermehle Inhaltsstoffe: Protein: 64,8% Rohfett: 17,5% Rohasche: 7,2% Rohfaser: 2,3% Feuchtigkeit am Abf\u00fclltag: 5,4% __________________________________________________________________________________________________________ [&hellip;]<\/p>\n","protected":false},"featured_media":755,"template":"","meta":[],"product_cat":[34],"product_tag":[],"class_list":{"0":"post-754","1":"product","2":"type-product","3":"status-publish","4":"has-post-thumbnail","6":"product_cat-autos-und-fahrzeuge","8":"first","9":"instock","10":"taxable","11":"shipping-taxable","12":"purchasable","13":"product-type-simple"},"_links":{"self":[{"href":"https:\/\/actionmall.act.at\/shop\/663\/en\/wp-json\/wp\/v2\/product\/754"}],"collection":[{"href":"https:\/\/actionmall.act.at\/shop\/663\/en\/wp-json\/wp\/v2\/product"}],"about":[{"href":"https:\/\/actionmall.act.at\/shop\/663\/en\/wp-json\/wp\/v2\/types\/product"}],"wp:featuredmedia":[{"embeddable":true,"href":"https:\/\/actionmall.act.at\/shop\/663\/en\/wp-json\/wp\/v2\/media\/755"}],"wp:attachment":[{"href":"https:\/\/actionmall.act.at\/shop\/663\/en\/wp-json\/wp\/v2\/media?parent=754"}],"wp:term":[{"taxonomy":"product_cat","embeddable":true,"href":"https:\/\/actionmall.act.at\/shop\/663\/en\/wp-json\/wp\/v2\/product_cat?post=754"},{"taxonomy":"product_tag","embeddable":true,"href":"https:\/\/actionmall.act.at\/shop\/663\/en\/wp-json\/wp\/v2\/product_tag?post=754"}],"curies":[{"name":"wp","href":"https:\/\/api.w.org\/{rel}","templated":true}]}}