{"id":1913,"date":"2025-03-10T14:42:51","date_gmt":"2025-03-10T13:42:51","guid":{"rendered":"https:\/\/actionmall.act.at\/shop\/663\/?post_type=product&#038;p=1913"},"modified":"2026-03-16T10:54:23","modified_gmt":"2026-03-16T09:54:23","slug":"bio-hundekekse-1000g","status":"publish","type":"product","link":"https:\/\/actionmall.act.at\/shop\/663\/produkt\/bio-hundekekse-1000g\/","title":{"rendered":"BIO Hundekekse, 1000g"},"content":{"rendered":"<p>Leckerlis in BIO-Qualit\u00e4t als Erg\u00e4nzung f\u00fcr alle Hunde aller Gr\u00f6\u00dfen und Rassen mit hohem Fleischanteil und hochwertigen Zutaten aus artgerechter Tierhaltung. Garantiert getreidefrei! Die leckeren, vollwertigen und abwechslungsreichen Hundesnacks und Leckerlis sind ohne Zus\u00e4tze wie k\u00fcnstliche Vitamine, F\u00fcllstoffe, Bindemittel oder Tiermehle.<br \/>\nInhaltsstoffe: Protein 21%, Fettgehalt 5%, Rohfaser 3%, anorganische Stoffe 8%<\/p>\n","protected":false},"excerpt":{"rendered":"<p>Leckerlis in BIO-Qualit\u00e4t als Erg\u00e4nzung f\u00fcr alle Hunde aller Gr\u00f6\u00dfen und Rassen mit hohem Fleischanteil und hochwertigen Zutaten aus artgerechter Tierhaltung. Garantiert getreidefrei! Die leckeren, vollwertigen und abwechslungsreichen Hundesnacks und Leckerlis sind ohne Zus\u00e4tze wie k\u00fcnstliche Vitamine, F\u00fcllstoffe, Bindemittel oder Tiermehle. Inhaltsstoffe: Protein 21%, Fettgehalt 5%, Rohfaser 3%, anorganische Stoffe 8%<\/p>\n","protected":false},"featured_media":1917,"template":"","meta":[],"product_cat":[34],"product_tag":[],"class_list":{"0":"post-1913","1":"product","2":"type-product","3":"status-publish","4":"has-post-thumbnail","6":"product_cat-autos-und-fahrzeuge","8":"first","9":"instock","10":"taxable","11":"shipping-taxable","12":"purchasable","13":"product-type-simple"},"_links":{"self":[{"href":"https:\/\/actionmall.act.at\/shop\/663\/wp-json\/wp\/v2\/product\/1913"}],"collection":[{"href":"https:\/\/actionmall.act.at\/shop\/663\/wp-json\/wp\/v2\/product"}],"about":[{"href":"https:\/\/actionmall.act.at\/shop\/663\/wp-json\/wp\/v2\/types\/product"}],"wp:featuredmedia":[{"embeddable":true,"href":"https:\/\/actionmall.act.at\/shop\/663\/wp-json\/wp\/v2\/media\/1917"}],"wp:attachment":[{"href":"https:\/\/actionmall.act.at\/shop\/663\/wp-json\/wp\/v2\/media?parent=1913"}],"wp:term":[{"taxonomy":"product_cat","embeddable":true,"href":"https:\/\/actionmall.act.at\/shop\/663\/wp-json\/wp\/v2\/product_cat?post=1913"},{"taxonomy":"product_tag","embeddable":true,"href":"https:\/\/actionmall.act.at\/shop\/663\/wp-json\/wp\/v2\/product_tag?post=1913"}],"curies":[{"name":"wp","href":"https:\/\/api.w.org\/{rel}","templated":true}]}}