{"id":1918,"date":"2025-03-10T14:42:50","date_gmt":"2025-03-10T13:42:50","guid":{"rendered":"https:\/\/actionmall.act.at\/shop\/663\/?post_type=product&#038;p=1918"},"modified":"2026-03-16T10:54:43","modified_gmt":"2026-03-16T09:54:43","slug":"bio-snack-puten-haelse-250g","status":"publish","type":"product","link":"https:\/\/actionmall.act.at\/shop\/663\/produkt\/bio-snack-puten-haelse-250g\/","title":{"rendered":"BIO Snack, Puten H\u00e4lse \/ 250g"},"content":{"rendered":"<p>Getrocknete Puten H\u00e4lse in Premium Qualit\u00e4t; mittelhart, luftgetrocknet, Fettarm und hohem Calcium-Gehalt. Ein knackiges Kauvergn\u00fcgen.Bio-Qualit\u00e4t &#8211; Putenm\u00e4gen aus biologischer Haltung fu\u0308r h\u00f6chste Qualit\u00e4t.<\/p>\n<p>100% Putenfleisch in BIO Qualit\u00e4t f\u00fcr Hunde aller Gr\u00f6\u00dfen und Rassen. Die Zutaten der Tiernahrung sind aus frischen Rohwaren mit biologischer Aufzucht schonend Luftgetrocknet, frei von chemischen Zus\u00e4tzen, Konservierungs-, Aroma- und Farbstoffen.<\/p>\n<p>Inhalt: Rohprotein: 52,10%, Rohfett: 18,60%, Rohasche: 19,80%, Rohfaser: 0,40%, Feuchtigkeit: 7,0%,<\/p>\n","protected":false},"excerpt":{"rendered":"<p>Getrocknete Puten H\u00e4lse in Premium Qualit\u00e4t; mittelhart, luftgetrocknet, Fettarm und hohem Calcium-Gehalt. Ein knackiges Kauvergn\u00fcgen.Bio-Qualit\u00e4t &#8211; Putenm\u00e4gen aus biologischer Haltung fu\u0308r h\u00f6chste Qualit\u00e4t. 100% Putenfleisch in BIO Qualit\u00e4t f\u00fcr Hunde aller Gr\u00f6\u00dfen und Rassen. Die Zutaten der Tiernahrung sind aus frischen Rohwaren mit biologischer Aufzucht schonend Luftgetrocknet, frei von chemischen Zus\u00e4tzen, Konservierungs-, Aroma- und Farbstoffen. [&hellip;]<\/p>\n","protected":false},"featured_media":1924,"template":"","meta":[],"product_cat":[34],"product_tag":[],"class_list":{"0":"post-1918","1":"product","2":"type-product","3":"status-publish","4":"has-post-thumbnail","6":"product_cat-autos-und-fahrzeuge","8":"first","9":"instock","10":"taxable","11":"shipping-taxable","12":"purchasable","13":"product-type-simple"},"_links":{"self":[{"href":"https:\/\/actionmall.act.at\/shop\/663\/wp-json\/wp\/v2\/product\/1918"}],"collection":[{"href":"https:\/\/actionmall.act.at\/shop\/663\/wp-json\/wp\/v2\/product"}],"about":[{"href":"https:\/\/actionmall.act.at\/shop\/663\/wp-json\/wp\/v2\/types\/product"}],"wp:featuredmedia":[{"embeddable":true,"href":"https:\/\/actionmall.act.at\/shop\/663\/wp-json\/wp\/v2\/media\/1924"}],"wp:attachment":[{"href":"https:\/\/actionmall.act.at\/shop\/663\/wp-json\/wp\/v2\/media?parent=1918"}],"wp:term":[{"taxonomy":"product_cat","embeddable":true,"href":"https:\/\/actionmall.act.at\/shop\/663\/wp-json\/wp\/v2\/product_cat?post=1918"},{"taxonomy":"product_tag","embeddable":true,"href":"https:\/\/actionmall.act.at\/shop\/663\/wp-json\/wp\/v2\/product_tag?post=1918"}],"curies":[{"name":"wp","href":"https:\/\/api.w.org\/{rel}","templated":true}]}}