{"id":1919,"date":"2025-03-10T14:42:50","date_gmt":"2025-03-10T13:42:50","guid":{"rendered":"https:\/\/actionmall.act.at\/shop\/663\/?post_type=product&#038;p=1919"},"modified":"2026-02-05T11:51:52","modified_gmt":"2026-02-05T10:51:52","slug":"bio-rind-400g","status":"publish","type":"product","link":"https:\/\/actionmall.act.at\/shop\/663\/produkt\/bio-rind-400g\/","title":{"rendered":"BIO Rind \/ 400g"},"content":{"rendered":"<p>BIO Rind<br \/>\nZusammensetzung: Black Angus Rind 57 %, Br\u00fche, Kartoffeln 2 %, S\u00fc\u00dfkartoffeln, K\u00fcrbis, M\u00f6hren, Pastinaken, Kohlrabi, Mineralstoffe, Moringa, Tomaten, Topinambur, Kichererbsen, Bananen, Papaya, Fruchtmischung (Brombeeren, Himbeeren, Holunderbeeren, Schwarze Johannisbeeren, Heidelbeeren, Cranberries), Quinoa, Spinat, Fenchel, Leinsamen, Kaktusfeige (Nopal-Extrakt), Hefe-Citrus-Mix, Kr\u00e4utermischung (Anissamen, Bockshornklee, Pfefferminze, Petersilie, Oregano, Thymian, Brennnesseln, L\u00f6wenzahn, Wei\u00dfdorn, Ginseng).<\/p>\n<p>Analytische Bestandteile: Rohprotein 10,6 %, Rohfett 7,8 %, Rohasche 2,2 %, Rohfaser 0,5 %, Feuchtigkeit 75 %<\/p>\n","protected":false},"excerpt":{"rendered":"<p>BIO Rind Zusammensetzung: Black Angus Rind 57 %, Br\u00fche, Kartoffeln 2 %, S\u00fc\u00dfkartoffeln, K\u00fcrbis, M\u00f6hren, Pastinaken, Kohlrabi, Mineralstoffe, Moringa, Tomaten, Topinambur, Kichererbsen, Bananen, Papaya, Fruchtmischung (Brombeeren, Himbeeren, Holunderbeeren, Schwarze Johannisbeeren, Heidelbeeren, Cranberries), Quinoa, Spinat, Fenchel, Leinsamen, Kaktusfeige (Nopal-Extrakt), Hefe-Citrus-Mix, Kr\u00e4utermischung (Anissamen, Bockshornklee, Pfefferminze, Petersilie, Oregano, Thymian, Brennnesseln, L\u00f6wenzahn, Wei\u00dfdorn, Ginseng). Analytische Bestandteile: Rohprotein 10,6 %, [&hellip;]<\/p>\n","protected":false},"featured_media":6069,"template":"","meta":[],"product_cat":[],"product_tag":[],"class_list":{"0":"post-1919","1":"product","2":"type-product","3":"status-publish","4":"has-post-thumbnail","7":"first","8":"instock","9":"taxable","10":"shipping-taxable","11":"purchasable","12":"product-type-simple"},"_links":{"self":[{"href":"https:\/\/actionmall.act.at\/shop\/663\/wp-json\/wp\/v2\/product\/1919"}],"collection":[{"href":"https:\/\/actionmall.act.at\/shop\/663\/wp-json\/wp\/v2\/product"}],"about":[{"href":"https:\/\/actionmall.act.at\/shop\/663\/wp-json\/wp\/v2\/types\/product"}],"wp:featuredmedia":[{"embeddable":true,"href":"https:\/\/actionmall.act.at\/shop\/663\/wp-json\/wp\/v2\/media\/6069"}],"wp:attachment":[{"href":"https:\/\/actionmall.act.at\/shop\/663\/wp-json\/wp\/v2\/media?parent=1919"}],"wp:term":[{"taxonomy":"product_cat","embeddable":true,"href":"https:\/\/actionmall.act.at\/shop\/663\/wp-json\/wp\/v2\/product_cat?post=1919"},{"taxonomy":"product_tag","embeddable":true,"href":"https:\/\/actionmall.act.at\/shop\/663\/wp-json\/wp\/v2\/product_tag?post=1919"}],"curies":[{"name":"wp","href":"https:\/\/api.w.org\/{rel}","templated":true}]}}