{"id":1949,"date":"2025-03-10T14:42:51","date_gmt":"2025-03-10T13:42:51","guid":{"rendered":"https:\/\/actionmall.act.at\/shop\/663\/?post_type=product&#038;p=1949"},"modified":"2026-03-16T11:05:25","modified_gmt":"2026-03-16T10:05:25","slug":"bio-snack-huehner-haelse-250g","status":"publish","type":"product","link":"https:\/\/actionmall.act.at\/shop\/663\/produkt\/bio-snack-huehner-haelse-250g\/","title":{"rendered":"BIO Snack, H\u00fchner H\u00e4lse \/ 250g"},"content":{"rendered":"<p>Getrocknete H\u00fchner H\u00e4lse in Premium\u2013Qualit\u00e4t; luftgetrocknet, Fettarm, hoher Calcium-Gehalt. Ein knackiges Kauvergn\u00fcgen.<\/p>\n<p>100% H\u00fchnerfleisch in BIO Qualit\u00e4t f\u00fcr Hunde aller Gr\u00f6\u00dfen und Rassen. Die Zutaten der Tiernahrung sind aus frischen Rohwaren mit biologischer Aufzucht schonend Luftgetrocknet, frei von chemischen Zus\u00e4tzen, Konservierungs-, Aroma- und Farbstoffen.<\/p>\n<p>Inhalt: Rohprotein: 53,30%, Rohfett: 28,6%, Rohasche: 15,50, Rohfaser : 1,7 %, Feuchtigkeit : 9%<\/p>\n","protected":false},"excerpt":{"rendered":"<p>Getrocknete H\u00fchner H\u00e4lse in Premium\u2013Qualit\u00e4t; luftgetrocknet, Fettarm, hoher Calcium-Gehalt. Ein knackiges Kauvergn\u00fcgen. 100% H\u00fchnerfleisch in BIO Qualit\u00e4t f\u00fcr Hunde aller Gr\u00f6\u00dfen und Rassen. Die Zutaten der Tiernahrung sind aus frischen Rohwaren mit biologischer Aufzucht schonend Luftgetrocknet, frei von chemischen Zus\u00e4tzen, Konservierungs-, Aroma- und Farbstoffen. Inhalt: Rohprotein: 53,30%, Rohfett: 28,6%, Rohasche: 15,50, Rohfaser : 1,7 %, [&hellip;]<\/p>\n","protected":false},"featured_media":731,"template":"","meta":[],"product_cat":[34],"product_tag":[],"class_list":{"0":"post-1949","1":"product","2":"type-product","3":"status-publish","4":"has-post-thumbnail","6":"product_cat-autos-und-fahrzeuge","8":"first","9":"instock","10":"taxable","11":"shipping-taxable","12":"purchasable","13":"product-type-simple"},"_links":{"self":[{"href":"https:\/\/actionmall.act.at\/shop\/663\/wp-json\/wp\/v2\/product\/1949"}],"collection":[{"href":"https:\/\/actionmall.act.at\/shop\/663\/wp-json\/wp\/v2\/product"}],"about":[{"href":"https:\/\/actionmall.act.at\/shop\/663\/wp-json\/wp\/v2\/types\/product"}],"wp:featuredmedia":[{"embeddable":true,"href":"https:\/\/actionmall.act.at\/shop\/663\/wp-json\/wp\/v2\/media\/731"}],"wp:attachment":[{"href":"https:\/\/actionmall.act.at\/shop\/663\/wp-json\/wp\/v2\/media?parent=1949"}],"wp:term":[{"taxonomy":"product_cat","embeddable":true,"href":"https:\/\/actionmall.act.at\/shop\/663\/wp-json\/wp\/v2\/product_cat?post=1949"},{"taxonomy":"product_tag","embeddable":true,"href":"https:\/\/actionmall.act.at\/shop\/663\/wp-json\/wp\/v2\/product_tag?post=1949"}],"curies":[{"name":"wp","href":"https:\/\/api.w.org\/{rel}","templated":true}]}}