{"id":2507,"date":"2025-03-10T14:42:58","date_gmt":"2025-03-10T13:42:58","guid":{"rendered":"https:\/\/actionmall.act.at\/shop\/663\/?post_type=product&#038;p=2507"},"modified":"2026-02-06T09:09:58","modified_gmt":"2026-02-06T08:09:58","slug":"johnnies-paw-protector-50ml","status":"publish","type":"product","link":"https:\/\/actionmall.act.at\/shop\/663\/produkt\/johnnies-paw-protector-50ml\/","title":{"rendered":"Johnnies Paw Protector 50ml"},"content":{"rendered":"<p>Johnnies Paw Protector \u2013 Der nat\u00fcrliche Pfotenschutz f\u00fcr Ihren Vierbeiner<br \/>\nDie hochwertige Bio-Formel der erfrischenden Lotion sch\u00fctzt effektiv vor spr\u00f6den und schmerzenden Pfoten. Egal ob Hitze, Trockenheit oder Staub, der leicht anzuwenden Johnnies Paw Protector trotzt jeder Witterung und l\u00e4sst Ihren Hund den Sommer so richtig genie\u00dfen. Mit gutem Gewissen das Beste f\u00fcr Ihren Liebling.<\/p>\n<p>\u2714 Hitze &#038; Austrocknung &#8211; Der im Paw Protector enthaltene Bienenwachs bildet eine zarte Schutzschicht auf den Pfotenballen und wehrt somit sch\u00e4dliche Au\u00dfeneinfl\u00fcsse ab, gleichzeitig spendet die von Tier\u00e4rzten empfohlene Lotion langandauernde Feuchtigkeit bzw. beugt entz\u00fcndlichen Rissen effektiv vor.<br \/>\n\u2714 100 % zertifizierte Bio-Inhaltsstoffe &#8211; Nat\u00fcrliche Pflege ohne sch\u00e4dliche Zusatzstoffe, sanft zur Haut und gut f\u00fcr die Umwelt. Johnnies Nachhaltigkeitsplus<br \/>\n\u2714 Angenehmer Duft &#038; schnelle Absorption &#8211; Die dermatologisch getestete Lotion zieht rasch ein und hinterl\u00e4sst eine samtweiche Pfote. \u00c4therische \u00d6le sorgen \u00fcberdies f\u00fcr einen angenehmen Duft.<br \/>\n\u2714 Praktisches Roll-On-System &#8211; M\u00fcheloses Anwendung im handlichen Format, passt in jede Tasche.<br \/>\n\u2714Umweltfreundliche Nachf\u00fcllpackung \u2013 Durch die Paw Protector Nachf\u00fcllpackung tragen Sie aktiv zur Vermeidung von Verpackungsmaterial bei.<\/p>\n<p>Inhaltsstoffe<br \/>\nHochwertiges Bienenwachs sch\u00fctzt die an hei\u00dfen Sommertagen stark beanspruchten Pfoten vor Rissen und Trockenheit. Kokos\u00f6l und Panthenol (Provitamin B5) spenden nachhaltige Feuchtigkeit, f\u00f6rdern die rasche Regeneration strapazierter Hautpartien und wirken zudem entz\u00fcndungshemmend. Neben der antibakteriellen Wirkung verw\u00f6hnt Lavendel\u00f6l die feinsinnige Fellnase mit einem wohlriechenden Odeur.<br \/>\nAnwendung<br \/>\nDen praktischen Roll-on direkt auf die Pfoten auftragen, anschlie\u00dfend mit den H\u00e4nden kurz einmassieren. Der perfekt ausbalancierte Zutatenmix fettet nicht, hinterl\u00e4sst keine st\u00f6rende Substanz auf den H\u00e4nden und zieht \u00e4u\u00dferst schnell ein. Ideal f\u00fcr die t\u00e4gliche Anwendung.<\/p>\n<p>Menge: 50 ml<\/p>\n","protected":false},"excerpt":{"rendered":"<p>Johnnies Paw Protector \u2013 Der nat\u00fcrliche Pfotenschutz f\u00fcr Ihren Vierbeiner Die hochwertige Bio-Formel der erfrischenden Lotion sch\u00fctzt effektiv vor spr\u00f6den und schmerzenden Pfoten. Egal ob Hitze, Trockenheit oder Staub, der leicht anzuwenden Johnnies Paw Protector trotzt jeder Witterung und l\u00e4sst Ihren Hund den Sommer so richtig genie\u00dfen. Mit gutem Gewissen das Beste f\u00fcr Ihren Liebling. [&hellip;]<\/p>\n","protected":false},"featured_media":2508,"template":"","meta":[],"product_cat":[],"product_tag":[],"class_list":{"0":"post-2507","1":"product","2":"type-product","3":"status-publish","4":"has-post-thumbnail","7":"first","8":"instock","9":"taxable","10":"shipping-taxable","11":"purchasable","12":"product-type-simple"},"_links":{"self":[{"href":"https:\/\/actionmall.act.at\/shop\/663\/wp-json\/wp\/v2\/product\/2507"}],"collection":[{"href":"https:\/\/actionmall.act.at\/shop\/663\/wp-json\/wp\/v2\/product"}],"about":[{"href":"https:\/\/actionmall.act.at\/shop\/663\/wp-json\/wp\/v2\/types\/product"}],"wp:featuredmedia":[{"embeddable":true,"href":"https:\/\/actionmall.act.at\/shop\/663\/wp-json\/wp\/v2\/media\/2508"}],"wp:attachment":[{"href":"https:\/\/actionmall.act.at\/shop\/663\/wp-json\/wp\/v2\/media?parent=2507"}],"wp:term":[{"taxonomy":"product_cat","embeddable":true,"href":"https:\/\/actionmall.act.at\/shop\/663\/wp-json\/wp\/v2\/product_cat?post=2507"},{"taxonomy":"product_tag","embeddable":true,"href":"https:\/\/actionmall.act.at\/shop\/663\/wp-json\/wp\/v2\/product_tag?post=2507"}],"curies":[{"name":"wp","href":"https:\/\/api.w.org\/{rel}","templated":true}]}}