{"id":257,"date":"2025-03-10T14:42:56","date_gmt":"2025-03-10T13:42:56","guid":{"rendered":"https:\/\/actionmall.act.at\/shop\/663\/?post_type=product&#038;p=257"},"modified":"2026-03-16T10:49:54","modified_gmt":"2026-03-16T09:49:54","slug":"bio-lamm-400g","status":"publish","type":"product","link":"https:\/\/actionmall.act.at\/shop\/663\/produkt\/bio-lamm-400g\/","title":{"rendered":"BIO Lamm \/ 400g"},"content":{"rendered":"<p>Hundefutter mit Lammfleisch in Premium-Qualit\u00e4t.<\/p>\n<p>Ausgewogenes Alleinfuttermittel in BIO-Qualit\u00e4t f\u00fcr Hunde aller Gr\u00f6\u00dfen und Rassen mit 50 % Bio-Lammfleisch (62 % Muskelfleisch, 25 % Herz, 10 % Lunge, 3 % Leber) in Premium Qualit\u00e4t von Tieren aus artgerechter Haltung. Die Zutaten der Tiernahrung sind aus kontrolliert biologischer Aufzucht, regionalem Gem\u00fcse und ausgew\u00e4hlten Kr\u00e4utern. Garantiert getreidefreies Hundefutter. Ohne Zus\u00e4tze wie k\u00fcnstliche Vitamine, F\u00fcllstoffe, Bindemittel oder Tiermehle.<br \/>\n____________________________________________________________________________________________________________Premium quality dog food with lamb.<\/p>\n<p>Balanced complete food in organic quality for dogs of all sizes and breeds with 50 % organic lamb (62 % muscle meat, 25 % heart, 10 % lung, 3 % liver) in premium quality from animals reared under species-appropriate conditions. The ingredients of the pet food are from controlled organic rearing, regional vegetables and selected herbs. Guaranteed grain-free dog food. Without additives such as artificial vitamins, fillers, binding agents or animal meal.<\/p>\n","protected":false},"excerpt":{"rendered":"<p>Hundefutter mit Lammfleisch in Premium-Qualit\u00e4t. Ausgewogenes Alleinfuttermittel in BIO-Qualit\u00e4t f\u00fcr Hunde aller Gr\u00f6\u00dfen und Rassen mit 50 % Bio-Lammfleisch (62 % Muskelfleisch, 25 % Herz, 10 % Lunge, 3 % Leber) in Premium Qualit\u00e4t von Tieren aus artgerechter Haltung. Die Zutaten der Tiernahrung sind aus kontrolliert biologischer Aufzucht, regionalem Gem\u00fcse und ausgew\u00e4hlten Kr\u00e4utern. Garantiert getreidefreies [&hellip;]<\/p>\n","protected":false},"featured_media":6076,"template":"","meta":[],"product_cat":[34],"product_tag":[],"class_list":{"0":"post-257","1":"product","2":"type-product","3":"status-publish","4":"has-post-thumbnail","6":"product_cat-autos-und-fahrzeuge","8":"first","9":"instock","10":"taxable","11":"shipping-taxable","12":"purchasable","13":"product-type-simple"},"_links":{"self":[{"href":"https:\/\/actionmall.act.at\/shop\/663\/wp-json\/wp\/v2\/product\/257"}],"collection":[{"href":"https:\/\/actionmall.act.at\/shop\/663\/wp-json\/wp\/v2\/product"}],"about":[{"href":"https:\/\/actionmall.act.at\/shop\/663\/wp-json\/wp\/v2\/types\/product"}],"wp:featuredmedia":[{"embeddable":true,"href":"https:\/\/actionmall.act.at\/shop\/663\/wp-json\/wp\/v2\/media\/6076"}],"wp:attachment":[{"href":"https:\/\/actionmall.act.at\/shop\/663\/wp-json\/wp\/v2\/media?parent=257"}],"wp:term":[{"taxonomy":"product_cat","embeddable":true,"href":"https:\/\/actionmall.act.at\/shop\/663\/wp-json\/wp\/v2\/product_cat?post=257"},{"taxonomy":"product_tag","embeddable":true,"href":"https:\/\/actionmall.act.at\/shop\/663\/wp-json\/wp\/v2\/product_tag?post=257"}],"curies":[{"name":"wp","href":"https:\/\/api.w.org\/{rel}","templated":true}]}}