{"id":327,"date":"2025-03-10T14:42:53","date_gmt":"2025-03-10T13:42:53","guid":{"rendered":"https:\/\/actionmall.act.at\/shop\/663\/?post_type=product&#038;p=327"},"modified":"2026-03-16T10:59:22","modified_gmt":"2026-03-16T09:59:22","slug":"bio-trockenfutter-mit-rind-beutel-5kg","status":"publish","type":"product","link":"https:\/\/actionmall.act.at\/shop\/663\/produkt\/bio-trockenfutter-mit-rind-beutel-5kg\/","title":{"rendered":"BIO Trockenfutter mit Rind, Beutel 5kg"},"content":{"rendered":"<p>Kurzinfo:<br \/>\nSchmackhaftes BIO Trockenfutter mit besonders hohem Fleischanteil, verfeinert mit ausgew\u00e4hlten Gem\u00fcsesorten, wohlschmeckenden Beeren und w\u00fcrzigen Kr\u00e4utern. Die exquisite Blaualge Spirulina verleiht der hochwertigen Trockennahrung das Extraplus an hochwertigen Proteinen. Somit deckt das biologisch fundierte Alleinfutter den t\u00e4glichen Bedarf Ihres Hundes an lebenswichtigen Vitaminen und essentiellen N\u00e4hrstoffen und sorgt f\u00fcr ein gest\u00e4rktes Immunsystem. Frei von Konservierungsstoffen, Getreide und Zucker ist Johnnies Trockenfutter leicht verdaulich und st\u00e4rkt das Herz-Kreislauf-System.<\/p>\n<p>Produktinformation<br \/>\nJohnnies BIO Trockenfutter Rind mit 73% frischem sowie getrockneten Rinderfleischanteil deckt den t\u00e4glichen Proteinbedarf Ihres Vierbeiners. \u00dcberdies verbessert das immunsystemst\u00e4rkende Superfood Spirulina die Verdauung und tr\u00e4gt zur Entgiftung des Hundes bei. Der hohe Kalziumgehalt des vitaminreichen Alleinfutters sorgt f\u00fcr ein stabiles Knochenwachstum und gesunde Z\u00e4hne.<br \/>\nDie sorgsam zusammengestellte Kombination aus hochwertigen Gem\u00fcsesorten, fruchtigen Beeren und n\u00e4hrstoffreichen Kr\u00e4utern versorgt Ihren Hund mit lebenswichtigen N\u00e4hrstoffen und erh\u00f6ht somit die Vitalit\u00e4t Ihres Lieblings nachhaltig. Geeignet ist das k\u00f6stliche und ballaststoffreiche Trockenfuttergericht f\u00fcr s\u00e4mtliche Altersgruppen und Rassen.<br \/>\nJohnnies spezielle Geschmacksrezeptur garantiert Ihrem Hund ein einzigartiges Genusserlebnis. Gem\u00e4\u00df unseren Qualit\u00e4tsstandards stammen s\u00e4mtliche Zutaten aus biologischer Landwirtschaft bzw. von FAIRTRADE-zertifizierten Produzenten.<\/p>\n<p>73% Rind, 7% S\u00fc\u00dfkartoffeln, 3,5% Spirulina, Leinsamen, Spinatpulver, Brokkoli, Karotten, Himbeeren, Rosmarin, L\u00f6wenzahn, Brennnessel, Koriander, Basilikum, hydrolysiertes Protein<\/p>\n<p>&#8212;&#8212;&#8212;&#8212;&#8212;&#8212;&#8212;&#8212;&#8212;&#8212;&#8212;&#8212;&#8212;&#8212;&#8212;&#8212;&#8212;&#8212;&#8212;&#8212;&#8212;&#8212;&#8212;&#8212;&#8212;&#8212;&#8212;&#8212;&#8212;&#8212;<\/p>\n<p>Introduction:<br \/>\nTasty organic dry food with a particularly high meat content, refined with selected vegetables, tasty berries and spicy herbs. The exquisite blue-green algae spirulina gives the high-quality dry food the extra plus of high-quality proteins. Thus, the biologically based complete food covers your dog&#8217;s daily requirement of essential vitamins and essential nutrients and ensures a strengthened immune system. Free from preservatives, grains and sugar, Johnnie&#8217;s dry food is easy to digest and strengthens the cardiovascular system.<\/p>\n<p>Product information<br \/>\nJohnnies Organic Dry Food Beef with 73% fresh and dried beef content covers the daily protein requirement of your four-legged friend. In addition, the immune-system-strengthening superfood spirulina improves digestion and contributes to the detoxification of the dog. The high calcium content of the vitamin-rich complete food ensures stable bone growth and healthy teeth.<br \/>\nThe carefully composed combination of high-quality vegetables, fruity berries and nutrient-rich herbs provides your dog with vital nutrients and thus increases the vitality of your pet in the long term. The delicious and fibre-rich dry food dish is suitable for all ages and breeds.<br \/>\nJohnnie&#8217;s special flavour recipe guarantees your dog a unique pleasure experience. In accordance with our quality standards, all ingredients come from organic farming or from FAIRTRADE-certified producers.<\/p>\n<p>73% beef, 7% sweet potatoes, 3.5% spirulina, flaxseed, spinach powder, broccoli, carrots, raspberries, rosemary, dandelion, nettle, coriander, basil, hydrolyzed protein<\/p>\n","protected":false},"excerpt":{"rendered":"<p>Kurzinfo: Schmackhaftes BIO Trockenfutter mit besonders hohem Fleischanteil, verfeinert mit ausgew\u00e4hlten Gem\u00fcsesorten, wohlschmeckenden Beeren und w\u00fcrzigen Kr\u00e4utern. Die exquisite Blaualge Spirulina verleiht der hochwertigen Trockennahrung das Extraplus an hochwertigen Proteinen. Somit deckt das biologisch fundierte Alleinfutter den t\u00e4glichen Bedarf Ihres Hundes an lebenswichtigen Vitaminen und essentiellen N\u00e4hrstoffen und sorgt f\u00fcr ein gest\u00e4rktes Immunsystem. Frei von [&hellip;]<\/p>\n","protected":false},"featured_media":328,"template":"","meta":[],"product_cat":[34],"product_tag":[],"class_list":{"0":"post-327","1":"product","2":"type-product","3":"status-publish","4":"has-post-thumbnail","6":"product_cat-autos-und-fahrzeuge","8":"first","9":"instock","10":"taxable","11":"shipping-taxable","12":"purchasable","13":"product-type-simple"},"_links":{"self":[{"href":"https:\/\/actionmall.act.at\/shop\/663\/wp-json\/wp\/v2\/product\/327"}],"collection":[{"href":"https:\/\/actionmall.act.at\/shop\/663\/wp-json\/wp\/v2\/product"}],"about":[{"href":"https:\/\/actionmall.act.at\/shop\/663\/wp-json\/wp\/v2\/types\/product"}],"wp:featuredmedia":[{"embeddable":true,"href":"https:\/\/actionmall.act.at\/shop\/663\/wp-json\/wp\/v2\/media\/328"}],"wp:attachment":[{"href":"https:\/\/actionmall.act.at\/shop\/663\/wp-json\/wp\/v2\/media?parent=327"}],"wp:term":[{"taxonomy":"product_cat","embeddable":true,"href":"https:\/\/actionmall.act.at\/shop\/663\/wp-json\/wp\/v2\/product_cat?post=327"},{"taxonomy":"product_tag","embeddable":true,"href":"https:\/\/actionmall.act.at\/shop\/663\/wp-json\/wp\/v2\/product_tag?post=327"}],"curies":[{"name":"wp","href":"https:\/\/api.w.org\/{rel}","templated":true}]}}