{"id":344,"date":"2025-03-10T14:42:56","date_gmt":"2025-03-10T13:42:56","guid":{"rendered":"https:\/\/actionmall.act.at\/shop\/663\/?post_type=product&#038;p=344"},"modified":"2026-01-14T09:12:29","modified_gmt":"2026-01-14T08:12:29","slug":"hundeleine-lang-lang","status":"publish","type":"product","link":"https:\/\/actionmall.act.at\/shop\/663\/produkt\/hundeleine-lang-lang\/","title":{"rendered":"Hundeleine &#8222;Lang Lang&#8220;"},"content":{"rendered":"<p>Hundeschleppleine, 10m, leuchtend orange, geeignet f\u00fcr Stadt &#038; Land, gro\u00df &#038; klein<\/p>\n<p>Produktinformationen:<\/p>\n<p>10m L\u00e4nge erlaubt Ihrem Liebling viel Freiheit zum Schn\u00fcffeln und Wittern. Nat\u00fcrlich haben sie mit dem praktischen Griff den Hund auch bei weiter Distanz unter Kontrolle und das Ausrutschen der Hand ist nicht so leicht m\u00f6glich wie bei gew\u00f6hnlichen Gummileinen. Ideal f\u00fcr Stadt und Trainingsplatz. Ist wasser- und schmutzabweisend, saugt sich somit auch bei Regen und schlechtem Wetter nicht voll.<\/p>\n<p>Englisch:<\/p>\n<p>**Long Dog Leash, 10m, Bright Orange, Suitable for City &#038; Countryside, Large &#038; Small Dogs**<\/p>\n<p>### Product Information:<br \/>\nA 10m length provides your furry friend with plenty of freedom to sniff and explore. The practical handle ensures you have control over your dog even at a distance, and it prevents slipping from your hand, unlike ordinary rubber leashes. Ideal for city walks and training sessions. It is water and dirt-resistant, so it does not soak up even in rain and bad weather.<\/p>\n<p>This leash is perfect for ensuring your dog stays safe while enjoying their adventures, whether in urban environments or open countryside.<\/p>\n","protected":false},"excerpt":{"rendered":"<p>Hundeschleppleine, 10m, leuchtend orange, geeignet f\u00fcr Stadt &#038; Land, gro\u00df &#038; klein Produktinformationen: 10m L\u00e4nge erlaubt Ihrem Liebling viel Freiheit zum Schn\u00fcffeln und Wittern. Nat\u00fcrlich haben sie mit dem praktischen Griff den Hund auch bei weiter Distanz unter Kontrolle und das Ausrutschen der Hand ist nicht so leicht m\u00f6glich wie bei gew\u00f6hnlichen Gummileinen. Ideal f\u00fcr [&hellip;]<\/p>\n","protected":false},"featured_media":346,"template":"","meta":[],"product_cat":[],"product_tag":[],"class_list":{"0":"post-344","1":"product","2":"type-product","3":"status-publish","4":"has-post-thumbnail","7":"first","8":"instock","9":"taxable","10":"shipping-taxable","11":"purchasable","12":"product-type-simple"},"_links":{"self":[{"href":"https:\/\/actionmall.act.at\/shop\/663\/wp-json\/wp\/v2\/product\/344"}],"collection":[{"href":"https:\/\/actionmall.act.at\/shop\/663\/wp-json\/wp\/v2\/product"}],"about":[{"href":"https:\/\/actionmall.act.at\/shop\/663\/wp-json\/wp\/v2\/types\/product"}],"wp:featuredmedia":[{"embeddable":true,"href":"https:\/\/actionmall.act.at\/shop\/663\/wp-json\/wp\/v2\/media\/346"}],"wp:attachment":[{"href":"https:\/\/actionmall.act.at\/shop\/663\/wp-json\/wp\/v2\/media?parent=344"}],"wp:term":[{"taxonomy":"product_cat","embeddable":true,"href":"https:\/\/actionmall.act.at\/shop\/663\/wp-json\/wp\/v2\/product_cat?post=344"},{"taxonomy":"product_tag","embeddable":true,"href":"https:\/\/actionmall.act.at\/shop\/663\/wp-json\/wp\/v2\/product_tag?post=344"}],"curies":[{"name":"wp","href":"https:\/\/api.w.org\/{rel}","templated":true}]}}