{"id":356,"date":"2025-03-10T14:42:56","date_gmt":"2025-03-10T13:42:56","guid":{"rendered":"https:\/\/actionmall.act.at\/shop\/663\/?post_type=product&#038;p=356"},"modified":"2026-03-16T11:10:56","modified_gmt":"2026-03-16T10:10:56","slug":"pflegehandschuh-relax","status":"publish","type":"product","link":"https:\/\/actionmall.act.at\/shop\/663\/produkt\/pflegehandschuh-relax\/","title":{"rendered":"Pflegehandschuh &#8222;Relax&#8220;"},"content":{"rendered":"<p>Dieser Fellpflegehandschuh ist beidseitig verwendbar, die Fell, Haustier und Herrchen zum Strahlen bringen. Mit seinem Noppeneinsatz wird das Fell von Vierbeinern sanft massiert und gereinigt. Mit dem Veloursbezug lassen sich Tierhaare entfernen z.B.: von Polsterm\u00f6beln oder Kleidung.<\/p>\n<p>Dank der beidseitigen Daumen\u00f6ffnung eignet sich das Pflegezubeh\u00f6r f\u00fcr Rechts- sowie f\u00fcr Linksh\u00e4nder. Der Handschuh ist f\u00fcr das Fell von kurzen und langhaarigen Hunden aller Rassen geeignet.<\/p>\n","protected":false},"excerpt":{"rendered":"<p>Dieser Fellpflegehandschuh ist beidseitig verwendbar, die Fell, Haustier und Herrchen zum Strahlen bringen. Mit seinem Noppeneinsatz wird das Fell von Vierbeinern sanft massiert und gereinigt. Mit dem Veloursbezug lassen sich Tierhaare entfernen z.B.: von Polsterm\u00f6beln oder Kleidung. Dank der beidseitigen Daumen\u00f6ffnung eignet sich das Pflegezubeh\u00f6r f\u00fcr Rechts- sowie f\u00fcr Linksh\u00e4nder. Der Handschuh ist f\u00fcr das [&hellip;]<\/p>\n","protected":false},"featured_media":366,"template":"","meta":[],"product_cat":[34],"product_tag":[],"class_list":{"0":"post-356","1":"product","2":"type-product","3":"status-publish","4":"has-post-thumbnail","6":"product_cat-autos-und-fahrzeuge","8":"first","9":"instock","10":"taxable","11":"shipping-taxable","12":"purchasable","13":"product-type-simple"},"_links":{"self":[{"href":"https:\/\/actionmall.act.at\/shop\/663\/wp-json\/wp\/v2\/product\/356"}],"collection":[{"href":"https:\/\/actionmall.act.at\/shop\/663\/wp-json\/wp\/v2\/product"}],"about":[{"href":"https:\/\/actionmall.act.at\/shop\/663\/wp-json\/wp\/v2\/types\/product"}],"wp:featuredmedia":[{"embeddable":true,"href":"https:\/\/actionmall.act.at\/shop\/663\/wp-json\/wp\/v2\/media\/366"}],"wp:attachment":[{"href":"https:\/\/actionmall.act.at\/shop\/663\/wp-json\/wp\/v2\/media?parent=356"}],"wp:term":[{"taxonomy":"product_cat","embeddable":true,"href":"https:\/\/actionmall.act.at\/shop\/663\/wp-json\/wp\/v2\/product_cat?post=356"},{"taxonomy":"product_tag","embeddable":true,"href":"https:\/\/actionmall.act.at\/shop\/663\/wp-json\/wp\/v2\/product_tag?post=356"}],"curies":[{"name":"wp","href":"https:\/\/api.w.org\/{rel}","templated":true}]}}