{"id":371,"date":"2025-03-10T14:42:57","date_gmt":"2025-03-10T13:42:57","guid":{"rendered":"https:\/\/actionmall.act.at\/shop\/663\/?post_type=product&#038;p=371"},"modified":"2026-03-16T10:55:26","modified_gmt":"2026-03-16T09:55:26","slug":"bio-doerrfleisch-250g","status":"publish","type":"product","link":"https:\/\/actionmall.act.at\/shop\/663\/produkt\/bio-doerrfleisch-250g\/","title":{"rendered":"BIO D\u00f6rrfleisch, 250g"},"content":{"rendered":"<p>F\u00fcr Johnnies BIO-D\u00f6rrfleisch gibt es keinerlei Einschr\u00e4nkungen. Jeder vertr\u00e4gt es, jeder liebt es. Die Vermengung der besten Teile des Rindes ergibt eine unschlagbare Geschmacksvielfalt. Die schonende, Tage andauernde Lufttrocknung erh\u00e4lt dieses besondere Aroma und erm\u00f6glicht den v\u00f6lligen Verzicht von Geschmacksverst\u00e4rkern. Kein Rauch, kein Fett, keine Gew\u00fcrze: Johnnies BIO-D\u00f6rrfleisch ist einfach und gut und wird von jedem Hund hingebungsvoll vernascht. Und der gr\u00f6\u00dfte Vorteil ist nicht nur der hervorragende Geschmack mit besonderer Qualit\u00e4t, sondern die langanhaltende Frische. \u00dcber viele Monate hinweg ist Johnnies BIO-D\u00f6rrfleisch frisch wie am ersten Tag.<\/p>\n","protected":false},"excerpt":{"rendered":"<p>F\u00fcr Johnnies BIO-D\u00f6rrfleisch gibt es keinerlei Einschr\u00e4nkungen. Jeder vertr\u00e4gt es, jeder liebt es. Die Vermengung der besten Teile des Rindes ergibt eine unschlagbare Geschmacksvielfalt. Die schonende, Tage andauernde Lufttrocknung erh\u00e4lt dieses besondere Aroma und erm\u00f6glicht den v\u00f6lligen Verzicht von Geschmacksverst\u00e4rkern. Kein Rauch, kein Fett, keine Gew\u00fcrze: Johnnies BIO-D\u00f6rrfleisch ist einfach und gut und wird von [&hellip;]<\/p>\n","protected":false},"featured_media":379,"template":"","meta":[],"product_cat":[34],"product_tag":[],"class_list":{"0":"post-371","1":"product","2":"type-product","3":"status-publish","4":"has-post-thumbnail","6":"product_cat-autos-und-fahrzeuge","8":"first","9":"instock","10":"taxable","11":"shipping-taxable","12":"purchasable","13":"product-type-simple"},"_links":{"self":[{"href":"https:\/\/actionmall.act.at\/shop\/663\/wp-json\/wp\/v2\/product\/371"}],"collection":[{"href":"https:\/\/actionmall.act.at\/shop\/663\/wp-json\/wp\/v2\/product"}],"about":[{"href":"https:\/\/actionmall.act.at\/shop\/663\/wp-json\/wp\/v2\/types\/product"}],"wp:featuredmedia":[{"embeddable":true,"href":"https:\/\/actionmall.act.at\/shop\/663\/wp-json\/wp\/v2\/media\/379"}],"wp:attachment":[{"href":"https:\/\/actionmall.act.at\/shop\/663\/wp-json\/wp\/v2\/media?parent=371"}],"wp:term":[{"taxonomy":"product_cat","embeddable":true,"href":"https:\/\/actionmall.act.at\/shop\/663\/wp-json\/wp\/v2\/product_cat?post=371"},{"taxonomy":"product_tag","embeddable":true,"href":"https:\/\/actionmall.act.at\/shop\/663\/wp-json\/wp\/v2\/product_tag?post=371"}],"curies":[{"name":"wp","href":"https:\/\/api.w.org\/{rel}","templated":true}]}}