{"id":404,"date":"2025-03-10T14:42:55","date_gmt":"2025-03-10T13:42:55","guid":{"rendered":"https:\/\/actionmall.act.at\/shop\/663\/?post_type=product&#038;p=404"},"modified":"2026-03-16T10:56:14","modified_gmt":"2026-03-16T09:56:14","slug":"bio-pansen-gruen-250g","status":"publish","type":"product","link":"https:\/\/actionmall.act.at\/shop\/663\/produkt\/bio-pansen-gruen-250g\/","title":{"rendered":"BIO Pansen gr\u00fcn, 250g"},"content":{"rendered":"<p>Gr\u00fcner BIO -Pansen vom Rind, Rohfleisch mit hohen Anteil bek\u00f6mmlicher Proteine, Ballaststoffe, vitalisierende Mineralstoffe und Vitamine. Probiotische Wirkung .<\/p>\n<p>100% Rindmagen in BIO-Qualit\u00e4t f\u00fcr Hunde aller Gr\u00f6\u00dfen und Rassen. Die Zutaten der Tiernahrung sind aus frischen Rohwaren mit biologischer Aufzucht, frei von chemischen Zus\u00e4tzen, Konservierungs-, Aroma- und Farbstoffen, schonend Luftgetrocknet.<\/p>\n<p>Inhalt: Rohprotein 13,3 %, Rohfett 9,4 %, Feuchtigkeit 75,7 %.<\/p>\n","protected":false},"excerpt":{"rendered":"<p><img loading=\"lazy\" decoding=\"async\" class=\"alignnone size-full wp-image-406\" src=\"https:\/\/actionmall.act.at\/shop\/663\/wp-content\/uploads\/2024\/11\/BIO-Pansen-gruen.jpg\" alt=\"\" width=\"300\" height=\"300\" srcset=\"https:\/\/actionmall.act.at\/shop\/663\/wp-content\/uploads\/2024\/11\/BIO-Pansen-gruen.jpg 300w, https:\/\/actionmall.act.at\/shop\/663\/wp-content\/uploads\/2024\/11\/BIO-Pansen-gruen-150x150.jpg 150w, https:\/\/actionmall.act.at\/shop\/663\/wp-content\/uploads\/2024\/11\/BIO-Pansen-gruen-100x100.jpg 100w\" sizes=\"(max-width: 300px) 100vw, 300px\" \/><\/p>\n","protected":false},"featured_media":406,"template":"","meta":[],"product_cat":[34],"product_tag":[],"class_list":{"0":"post-404","1":"product","2":"type-product","3":"status-publish","4":"has-post-thumbnail","6":"product_cat-autos-und-fahrzeuge","8":"first","9":"instock","10":"taxable","11":"shipping-taxable","12":"purchasable","13":"product-type-simple"},"_links":{"self":[{"href":"https:\/\/actionmall.act.at\/shop\/663\/wp-json\/wp\/v2\/product\/404"}],"collection":[{"href":"https:\/\/actionmall.act.at\/shop\/663\/wp-json\/wp\/v2\/product"}],"about":[{"href":"https:\/\/actionmall.act.at\/shop\/663\/wp-json\/wp\/v2\/types\/product"}],"wp:featuredmedia":[{"embeddable":true,"href":"https:\/\/actionmall.act.at\/shop\/663\/wp-json\/wp\/v2\/media\/406"}],"wp:attachment":[{"href":"https:\/\/actionmall.act.at\/shop\/663\/wp-json\/wp\/v2\/media?parent=404"}],"wp:term":[{"taxonomy":"product_cat","embeddable":true,"href":"https:\/\/actionmall.act.at\/shop\/663\/wp-json\/wp\/v2\/product_cat?post=404"},{"taxonomy":"product_tag","embeddable":true,"href":"https:\/\/actionmall.act.at\/shop\/663\/wp-json\/wp\/v2\/product_tag?post=404"}],"curies":[{"name":"wp","href":"https:\/\/api.w.org\/{rel}","templated":true}]}}