{"id":408,"date":"2025-03-10T14:42:55","date_gmt":"2025-03-10T13:42:55","guid":{"rendered":"https:\/\/actionmall.act.at\/shop\/663\/?post_type=product&#038;p=408"},"modified":"2026-02-05T14:22:35","modified_gmt":"2026-02-05T13:22:35","slug":"bio-rind-mit-karotten-dose-400g","status":"publish","type":"product","link":"https:\/\/actionmall.act.at\/shop\/663\/produkt\/bio-rind-mit-karotten-dose-400g\/","title":{"rendered":"BIO Rind mit Karotten, Dose 400g"},"content":{"rendered":"<p>Hundefutter mit Rindfleisch in Premium-Qualit\u00e4t mit Karotten.<\/p>\n<p>Ausgewogenes Alleinfuttermittel in BIO-Qualit\u00e4t f\u00fcr Hunde aller Gr\u00f6\u00dfen und Rassen mit 50 % Bio-Rindfleisch (62 % Muskelfleisch, 25 % Herz, 10 % Lunge, 3 % Leber) in Premium Qualit\u00e4t von Tieren aus artgerechter Haltung. Die Zutaten der Tiernahrung sind aus kontrolliert biologischer Aufzucht, regionalem Gem\u00fcse und ausgew\u00e4hlten Kr\u00e4utern. Garantiert getreidefreies Hundefutter. Ohne Zus\u00e4tze wie k\u00fcnstliche Vitamine, F\u00fcllstoffe, Bindemittel oder Tiermehle.<br \/>\n__________________________________________________________________________________________________________<br \/>\nPremium quality beef dog food with carrots.<\/p>\n<p>Balanced complete food in organic quality for dogs of all sizes and breeds with 50 % organic beef (62 % muscle meat, 25 % heart, 10 % lung, 3 % liver) in premium quality from animals raised under species-appropriate conditions. The ingredients of the pet food are from controlled organic rearing, regional vegetables and selected herbs. Guaranteed grain-free dog food. Without additives such as artificial vitamins, fillers, binding agents or animal meal.<\/p>\n","protected":false},"excerpt":{"rendered":"<p>Hundefutter mit Rindfleisch in Premium-Qualit\u00e4t mit Karotten. Ausgewogenes Alleinfuttermittel in BIO-Qualit\u00e4t f\u00fcr Hunde aller Gr\u00f6\u00dfen und Rassen mit 50 % Bio-Rindfleisch (62 % Muskelfleisch, 25 % Herz, 10 % Lunge, 3 % Leber) in Premium Qualit\u00e4t von Tieren aus artgerechter Haltung. Die Zutaten der Tiernahrung sind aus kontrolliert biologischer Aufzucht, regionalem Gem\u00fcse und ausgew\u00e4hlten Kr\u00e4utern. [&hellip;]<\/p>\n","protected":false},"featured_media":6074,"template":"","meta":[],"product_cat":[],"product_tag":[],"class_list":{"0":"post-408","1":"product","2":"type-product","3":"status-publish","4":"has-post-thumbnail","7":"first","8":"instock","9":"taxable","10":"shipping-taxable","11":"purchasable","12":"product-type-simple"},"_links":{"self":[{"href":"https:\/\/actionmall.act.at\/shop\/663\/wp-json\/wp\/v2\/product\/408"}],"collection":[{"href":"https:\/\/actionmall.act.at\/shop\/663\/wp-json\/wp\/v2\/product"}],"about":[{"href":"https:\/\/actionmall.act.at\/shop\/663\/wp-json\/wp\/v2\/types\/product"}],"wp:featuredmedia":[{"embeddable":true,"href":"https:\/\/actionmall.act.at\/shop\/663\/wp-json\/wp\/v2\/media\/6074"}],"wp:attachment":[{"href":"https:\/\/actionmall.act.at\/shop\/663\/wp-json\/wp\/v2\/media?parent=408"}],"wp:term":[{"taxonomy":"product_cat","embeddable":true,"href":"https:\/\/actionmall.act.at\/shop\/663\/wp-json\/wp\/v2\/product_cat?post=408"},{"taxonomy":"product_tag","embeddable":true,"href":"https:\/\/actionmall.act.at\/shop\/663\/wp-json\/wp\/v2\/product_tag?post=408"}],"curies":[{"name":"wp","href":"https:\/\/api.w.org\/{rel}","templated":true}]}}